{"id":6099,"date":"2022-05-30T18:39:50","date_gmt":"2022-05-30T16:39:50","guid":{"rendered":"https:\/\/shopinte.com\/pl\/?post_type=product&#038;p=6099"},"modified":"2023-08-11T15:12:47","modified_gmt":"2023-08-11T13:12:47","slug":"majtki-modelujace-sylwetke-beautywaist","status":"publish","type":"product","link":"https:\/\/shopinte.com\/pl\/produkt\/majtki-modelujace-sylwetke-beautywaist\/","title":{"rendered":"Majtki modeluj\u0105ce sylwetk\u0119 BeautyWaist"},"content":{"rendered":"\t\t<div data-elementor-type=\"product-post\" data-elementor-id=\"6099\" class=\"elementor elementor-6099\" data-elementor-post-type=\"product\">\n\t\t\t\t\t\t<section class=\"elementor-section elementor-top-section elementor-element elementor-element-968b174 elementor-section-boxed elementor-section-height-default elementor-section-height-default\" data-id=\"968b174\" data-element_type=\"section\">\n\t\t\t\t\t\t<div class=\"elementor-container elementor-column-gap-default\">\n\t\t\t\t\t<div class=\"elementor-column elementor-col-100 elementor-top-column elementor-element elementor-element-31a203e\" data-id=\"31a203e\" data-element_type=\"column\">\n\t\t\t<div class=\"elementor-widget-wrap elementor-element-populated\">\n\t\t\t\t\t\t<section class=\"elementor-section elementor-inner-section elementor-element elementor-element-b6d2c2c elementor-section-content-middle elementor-section-boxed elementor-section-height-default elementor-section-height-default\" data-id=\"b6d2c2c\" data-element_type=\"section\" data-settings=\"{&quot;background_background&quot;:&quot;classic&quot;}\">\n\t\t\t\t\t\t<div class=\"elementor-container elementor-column-gap-default\">\n\t\t\t\t\t<div class=\"elementor-column elementor-col-50 elementor-inner-column elementor-element elementor-element-28927bd\" data-id=\"28927bd\" data-element_type=\"column\">\n\t\t\t<div class=\"elementor-widget-wrap elementor-element-populated\">\n\t\t\t\t\t\t<div class=\"elementor-element elementor-element-d03c389 elementor--h-position-center elementor--v-position-middle elementor-arrows-position-inside elementor-widget elementor-widget-slides\" data-id=\"d03c389\" data-element_type=\"widget\" data-settings=\"{&quot;navigation&quot;:&quot;arrows&quot;,&quot;autoplay&quot;:&quot;yes&quot;,&quot;pause_on_hover&quot;:&quot;yes&quot;,&quot;pause_on_interaction&quot;:&quot;yes&quot;,&quot;autoplay_speed&quot;:5000,&quot;infinite&quot;:&quot;yes&quot;,&quot;transition&quot;:&quot;slide&quot;,&quot;transition_speed&quot;:500}\" data-widget_type=\"slides.default\">\n\t\t\t\t<div class=\"elementor-widget-container\">\n\t\t\t\t\t<div class=\"elementor-swiper\">\n\t\t\t<div class=\"elementor-slides-wrapper elementor-main-swiper swiper\" dir=\"ltr\" data-animation=\"fadeInUp\">\n\t\t\t\t<div class=\"swiper-wrapper elementor-slides\">\n\t\t\t\t\t\t\t\t\t\t<div class=\"elementor-repeater-item-4cdafd4 swiper-slide\"><div class=\"swiper-slide-bg\" role=\"img\"><\/div><div class=\"swiper-slide-inner\" ><div class=\"swiper-slide-contents\"><\/div><\/div><\/div><div class=\"elementor-repeater-item-94b7e7a swiper-slide\"><div class=\"swiper-slide-bg\" role=\"img\"><\/div><div class=\"swiper-slide-inner\" ><div class=\"swiper-slide-contents\"><\/div><\/div><\/div><div class=\"elementor-repeater-item-4f2b464 swiper-slide\"><div class=\"swiper-slide-bg\" role=\"img\"><\/div><div class=\"swiper-slide-inner\" ><div class=\"swiper-slide-contents\"><\/div><\/div><\/div>\t\t\t\t<\/div>\n\t\t\t\t\t\t\t\t\t\t\t\t\t\t\t\t\t\t\t\t<div class=\"elementor-swiper-button elementor-swiper-button-prev\" role=\"button\" tabindex=\"0\">\n\t\t\t\t\t\t\t<i aria-hidden=\"true\" class=\"eicon-chevron-left\"><\/i>\t\t\t\t\t\t\t<span class=\"elementor-screen-only\">Previous slide<\/span>\n\t\t\t\t\t\t<\/div>\n\t\t\t\t\t\t<div class=\"elementor-swiper-button elementor-swiper-button-next\" role=\"button\" tabindex=\"0\">\n\t\t\t\t\t\t\t<i aria-hidden=\"true\" class=\"eicon-chevron-right\"><\/i>\t\t\t\t\t\t\t<span class=\"elementor-screen-only\">Next slide<\/span>\n\t\t\t\t\t\t<\/div>\n\t\t\t\t\t\t\t\t\t\t\t\t<\/div>\n\t\t<\/div>\n\t\t\t\t<\/div>\n\t\t\t\t<\/div>\n\t\t\t\t\t<\/div>\n\t\t<\/div>\n\t\t\t\t<div class=\"elementor-column elementor-col-50 elementor-inner-column elementor-element elementor-element-12b42fd\" data-id=\"12b42fd\" data-element_type=\"column\">\n\t\t\t<div class=\"elementor-widget-wrap elementor-element-populated\">\n\t\t\t\t\t\t<div class=\"elementor-element elementor-element-1adf2fb elementor-widget__width-inherit elementor-widget elementor-widget-heading\" data-id=\"1adf2fb\" data-element_type=\"widget\" data-widget_type=\"heading.default\">\n\t\t\t\t<div class=\"elementor-widget-container\">\n\t\t\t<h3 class=\"elementor-heading-title elementor-size-default\"><font color=\"#000000\">Zalety BeautyWaist<\/font><\/h3>\t\t<\/div>\n\t\t\t\t<\/div>\n\t\t\t\t<div class=\"elementor-element elementor-element-8f58bd0 elementor-widget elementor-widget-icon-box\" data-id=\"8f58bd0\" data-element_type=\"widget\" data-widget_type=\"icon-box.default\">\n\t\t\t\t<div class=\"elementor-widget-container\">\n\t\t\t\t\t<div class=\"elementor-icon-box-wrapper\">\n\n\t\t\t\n\t\t\t\t\t\t<div class=\"elementor-icon-box-content\">\n\n\t\t\t\t\t\t\t\t\t<h3 class=\"elementor-icon-box-title\">\n\t\t\t\t\t\t<span  >\n\t\t\t\t\t\t\t\u2714\ufe0f Na ka\u017cd\u0105 sylwetk\u0119\t\t\t\t\t\t<\/span>\n\t\t\t\t\t<\/h3>\n\t\t\t\t\n\t\t\t\t\t\t\t\t\t<p class=\"elementor-icon-box-description\">\n\t\t\t\t\t\tBeautyWaist dopasowuje si\u0119 do ka\u017cdego rodzaju sylwetki i poprawi lini\u0119 talii niezale\u017cnie od typu sylwetki. Najlepiej le\u017cy na obwodzie talii 70 - 105 cm.\t\t\t\t\t<\/p>\n\t\t\t\t\n\t\t\t<\/div>\n\t\t\t\n\t\t<\/div>\n\t\t\t\t<\/div>\n\t\t\t\t<\/div>\n\t\t\t\t<div class=\"elementor-element elementor-element-c4fef8a elementor-widget elementor-widget-icon-box\" data-id=\"c4fef8a\" data-element_type=\"widget\" data-widget_type=\"icon-box.default\">\n\t\t\t\t<div class=\"elementor-widget-container\">\n\t\t\t\t\t<div class=\"elementor-icon-box-wrapper\">\n\n\t\t\t\n\t\t\t\t\t\t<div class=\"elementor-icon-box-content\">\n\n\t\t\t\t\t\t\t\t\t<h3 class=\"elementor-icon-box-title\">\n\t\t\t\t\t\t<span  >\n\t\t\t\t\t\t\t\u2714\ufe0f Wysoki stan\t\t\t\t\t\t<\/span>\n\t\t\t\t\t<\/h3>\n\t\t\t\t\n\t\t\t\t\t\t\t\t\t<p class=\"elementor-icon-box-description\">\n\t\t\t\t\t\tPoniewa\u017c ich stan jest wysoki, idealnie nadaj\u0105 si\u0119 dla os\u00f3b chc\u0105cych ukry\u0107 pewne mankamenty figury, oraz \u015bwietnie sprawdzaj\u0105 si\u0119 w roli majteczek poporodowych.\t\t\t\t\t<\/p>\n\t\t\t\t\n\t\t\t<\/div>\n\t\t\t\n\t\t<\/div>\n\t\t\t\t<\/div>\n\t\t\t\t<\/div>\n\t\t\t\t<div class=\"elementor-element elementor-element-e775b55 elementor-widget elementor-widget-icon-box\" data-id=\"e775b55\" data-element_type=\"widget\" data-widget_type=\"icon-box.default\">\n\t\t\t\t<div class=\"elementor-widget-container\">\n\t\t\t\t\t<div class=\"elementor-icon-box-wrapper\">\n\n\t\t\t\n\t\t\t\t\t\t<div class=\"elementor-icon-box-content\">\n\n\t\t\t\t\t\t\t\t\t<h3 class=\"elementor-icon-box-title\">\n\t\t\t\t\t\t<span  >\n\t\t\t\t\t\t\t\u2714\ufe0f Pomoc w odchudzaniu\t\t\t\t\t\t<\/span>\n\t\t\t\t\t<\/h3>\n\t\t\t\t\n\t\t\t\t\t\t\t\t\t<p class=\"elementor-icon-box-description\">\n\t\t\t\t\t\tBeautyWaist jest r\u00f3wnie\u017c niezast\u0105piony jako odzie\u017c podtrzymuj\u0105ca brzuszek, uciskaj\u0105ca go i nie pozwalaj\u0105ce mu zmienia\u0107 kszta\u0142tu na obwis\u0142y, wraz ze spadkiem masy cia\u0142a. Specjalnie wyprofilowany materia\u0142 na pupie, podnosi i modeluje po\u015bladki.\t\t\t\t\t<\/p>\n\t\t\t\t\n\t\t\t<\/div>\n\t\t\t\n\t\t<\/div>\n\t\t\t\t<\/div>\n\t\t\t\t<\/div>\n\t\t\t\t<div class=\"elementor-element elementor-element-64cc9e8 elementor-widget elementor-widget-icon-box\" data-id=\"64cc9e8\" data-element_type=\"widget\" data-widget_type=\"icon-box.default\">\n\t\t\t\t<div class=\"elementor-widget-container\">\n\t\t\t\t\t<div class=\"elementor-icon-box-wrapper\">\n\n\t\t\t\n\t\t\t\t\t\t<div class=\"elementor-icon-box-content\">\n\n\t\t\t\t\t\t\t\t\t<h3 class=\"elementor-icon-box-title\">\n\t\t\t\t\t\t<span  >\n\t\t\t\t\t\t\t<img decoding=\"async\" draggable=\"false\" role=\"img\" class=\"emoji\" alt=\"\u2714\ufe0f\" src=\"https:\/\/s.w.org\/images\/core\/emoji\/13.1.0\/svg\/2714.svg\"> Niezwyk\u0142a wygoda\t\t\t\t\t\t<\/span>\n\t\t\t\t\t<\/h3>\n\t\t\t\t\n\t\t\t\t\t\t\t\t\t<p class=\"elementor-icon-box-description\">\n\t\t\t\t\t\tBardzo elastyczna tkanina mocno opina sylwetk\u0119, a jednocze\u015bnie jest bardzo komfortowa w noszeniu.\n\n\t\t\t\t\t<\/p>\n\t\t\t\t\n\t\t\t<\/div>\n\t\t\t\n\t\t<\/div>\n\t\t\t\t<\/div>\n\t\t\t\t<\/div>\n\t\t\t\t\t<\/div>\n\t\t<\/div>\n\t\t\t\t\t<\/div>\n\t\t<\/section>\n\t\t\t\t\t<\/div>\n\t\t<\/div>\n\t\t\t\t\t<\/div>\n\t\t<\/section>\n\t\t\t\t<section class=\"elementor-section elementor-top-section elementor-element elementor-element-e9ae34e elementor-section-boxed elementor-section-height-default elementor-section-height-default\" data-id=\"e9ae34e\" data-element_type=\"section\">\n\t\t\t\t\t\t<div class=\"elementor-container elementor-column-gap-default\">\n\t\t\t\t\t<div class=\"elementor-column elementor-col-50 elementor-top-column elementor-element elementor-element-e2dc73e\" data-id=\"e2dc73e\" data-element_type=\"column\">\n\t\t\t<div class=\"elementor-widget-wrap elementor-element-populated\">\n\t\t\t\t\t\t<div class=\"elementor-element elementor-element-2b11c44 elementor-widget elementor-widget-image\" data-id=\"2b11c44\" data-element_type=\"widget\" data-widget_type=\"image.default\">\n\t\t\t\t<div class=\"elementor-widget-container\">\n\t\t\t\t\t\t\t\t\t\t\t\t\t<img fetchpriority=\"high\" decoding=\"async\" width=\"622\" height=\"876\" src=\"https:\/\/shopinte.com\/pl\/wp-content\/uploads\/2022\/05\/1-2.png\" class=\"attachment-large size-large wp-image-6116\" alt=\"\" srcset=\"https:\/\/shopinte.com\/pl\/wp-content\/uploads\/2022\/05\/1-2.png 622w, https:\/\/shopinte.com\/pl\/wp-content\/uploads\/2022\/05\/1-2-213x300.png 213w, https:\/\/shopinte.com\/pl\/wp-content\/uploads\/2022\/05\/1-2-600x845.png 600w\" sizes=\"(max-width: 622px) 100vw, 622px\" \/>\t\t\t\t\t\t\t\t\t\t\t\t\t<\/div>\n\t\t\t\t<\/div>\n\t\t\t\t\t<\/div>\n\t\t<\/div>\n\t\t\t\t<div class=\"elementor-column elementor-col-50 elementor-top-column elementor-element elementor-element-84a55a9\" data-id=\"84a55a9\" data-element_type=\"column\">\n\t\t\t<div class=\"elementor-widget-wrap elementor-element-populated\">\n\t\t\t\t\t\t<div class=\"elementor-element elementor-element-3394253 elementor-widget__width-inherit elementor-widget elementor-widget-heading\" data-id=\"3394253\" data-element_type=\"widget\" data-widget_type=\"heading.default\">\n\t\t\t\t<div class=\"elementor-widget-container\">\n\t\t\t<h3 class=\"elementor-heading-title elementor-size-default\"><font color=\"#000000\">Co jest w \u015brodku?\n<\/font><\/h3>\t\t<\/div>\n\t\t\t\t<\/div>\n\t\t\t\t<div class=\"elementor-element elementor-element-c753c8e elementor-widget elementor-widget-text-editor\" data-id=\"c753c8e\" data-element_type=\"widget\" data-widget_type=\"text-editor.default\">\n\t\t\t\t<div class=\"elementor-widget-container\">\n\t\t\t\t\t\t\t<p>\u2714\ufe0f Uniwersalne, wyszczuplaj\u0105ce majtki BeautyWaist<\/p>\t\t\t\t\t\t<\/div>\n\t\t\t\t<\/div>\n\t\t\t\t\t<\/div>\n\t\t<\/div>\n\t\t\t\t\t<\/div>\n\t\t<\/section>\n\t\t\t\t<section class=\"elementor-section elementor-top-section elementor-element elementor-element-1cea4ea elementor-section-boxed elementor-section-height-default elementor-section-height-default\" data-id=\"1cea4ea\" data-element_type=\"section\">\n\t\t\t\t\t\t<div class=\"elementor-container elementor-column-gap-default\">\n\t\t\t\t\t<div class=\"elementor-column elementor-col-100 elementor-top-column elementor-element elementor-element-1bd4d31\" data-id=\"1bd4d31\" data-element_type=\"column\">\n\t\t\t<div class=\"elementor-widget-wrap elementor-element-populated\">\n\t\t\t\t\t\t<section class=\"elementor-section elementor-inner-section elementor-element elementor-element-30dd3a6 elementor-section-boxed elementor-section-height-default elementor-section-height-default\" data-id=\"30dd3a6\" data-element_type=\"section\">\n\t\t\t\t\t\t<div class=\"elementor-container elementor-column-gap-default\">\n\t\t\t\t\t<div class=\"elementor-column elementor-col-50 elementor-inner-column elementor-element elementor-element-61d3da9\" data-id=\"61d3da9\" data-element_type=\"column\">\n\t\t\t<div class=\"elementor-widget-wrap elementor-element-populated\">\n\t\t\t\t\t\t<div class=\"elementor-element elementor-element-743ae84 elementor-widget elementor-widget-image\" data-id=\"743ae84\" data-element_type=\"widget\" data-widget_type=\"image.default\">\n\t\t\t\t<div class=\"elementor-widget-container\">\n\t\t\t\t\t\t\t\t\t\t\t\t\t<img decoding=\"async\" width=\"598\" height=\"803\" src=\"https:\/\/shopinte.com\/pl\/wp-content\/uploads\/2022\/05\/2-2.png\" class=\"attachment-large size-large wp-image-6120\" alt=\"\" srcset=\"https:\/\/shopinte.com\/pl\/wp-content\/uploads\/2022\/05\/2-2.png 598w, https:\/\/shopinte.com\/pl\/wp-content\/uploads\/2022\/05\/2-2-223x300.png 223w\" sizes=\"(max-width: 598px) 100vw, 598px\" \/>\t\t\t\t\t\t\t\t\t\t\t\t\t<\/div>\n\t\t\t\t<\/div>\n\t\t\t\t\t<\/div>\n\t\t<\/div>\n\t\t\t\t<div class=\"elementor-column elementor-col-50 elementor-inner-column elementor-element elementor-element-6127eee\" data-id=\"6127eee\" data-element_type=\"column\">\n\t\t\t<div class=\"elementor-widget-wrap elementor-element-populated\">\n\t\t\t\t\t\t<div class=\"elementor-element elementor-element-3e340a5 elementor-widget__width-inherit elementor-widget elementor-widget-heading\" data-id=\"3e340a5\" data-element_type=\"widget\" data-widget_type=\"heading.default\">\n\t\t\t\t<div class=\"elementor-widget-container\">\n\t\t\t<h3 class=\"elementor-heading-title elementor-size-default\"><font color=\"#000000\">Nie przegap okazji!\n<\/font><\/h3>\t\t<\/div>\n\t\t\t\t<\/div>\n\t\t\t\t<div class=\"elementor-element elementor-element-0c1f14a elementor-widget elementor-widget-icon-box\" data-id=\"0c1f14a\" data-element_type=\"widget\" data-widget_type=\"icon-box.default\">\n\t\t\t\t<div class=\"elementor-widget-container\">\n\t\t\t\t\t<div class=\"elementor-icon-box-wrapper\">\n\n\t\t\t\n\t\t\t\t\t\t<div class=\"elementor-icon-box-content\">\n\n\t\t\t\t\n\t\t\t\t\t\t\t\t\t<p class=\"elementor-icon-box-description\">\n\t\t\t\t\t\t\u015awietna okazja na szybkie i komfortowe wymodelowanie sylwetki! BeautyWaist to \u015bwietna i nieinwazyjna metoda, by sylwetka prezentowa\u0142a si\u0119 smuklej. Nie czekaj i sprawd\u017a sama!\t\t\t\t\t<\/p>\n\t\t\t\t\n\t\t\t<\/div>\n\t\t\t\n\t\t<\/div>\n\t\t\t\t<\/div>\n\t\t\t\t<\/div>\n\t\t\t\t\t<\/div>\n\t\t<\/div>\n\t\t\t\t\t<\/div>\n\t\t<\/section>\n\t\t\t\t\t<\/div>\n\t\t<\/div>\n\t\t\t\t\t<\/div>\n\t\t<\/section>\n\t\t\t\t<\/div>\n\t\t","protected":false},"excerpt":{"rendered":"<p>Poprzedni Nast\u0119pny Zalety BeautyWaist \u2714\ufe0f Na ka\u017cd\u0105 sylwetk\u0119 BeautyWaist dopasowuje si\u0119 do ka\u017cdego rodzaju sylwetki i poprawi lini\u0119 talii niezale\u017cnie od typu sylwetki. Najlepiej le\u017cy na obwodzie talii 70 &#8211; 105 cm. \u2714\ufe0f Wysoki stan Poniewa\u017c ich stan jest wysoki, idealnie nadaj\u0105 si\u0119 dla os\u00f3b chc\u0105cych ukry\u0107 pewne mankamenty figury, oraz \u015bwietnie sprawdzaj\u0105 si\u0119 w [&hellip;]<\/p>\n","protected":false},"featured_media":6100,"comment_status":"open","ping_status":"closed","template":"","meta":[],"product_brand":[],"product_cat":[37,23],"product_tag":[],"class_list":{"0":"post-6099","1":"product","2":"type-product","3":"status-publish","4":"has-post-thumbnail","6":"product_cat-moda","7":"product_cat-uroda","9":"first","10":"instock","11":"sale","12":"taxable","13":"shipping-taxable","14":"purchasable","15":"product-type-simple"},"yoast_head":"<!-- This site is optimized with the Yoast SEO plugin v24.4 - https:\/\/yoast.com\/wordpress\/plugins\/seo\/ -->\n<title>Majtki modeluj\u0105ce sylwetk\u0119 BeautyWaist - Shopinte Polska<\/title>\n<meta name=\"robots\" content=\"index, follow, max-snippet:-1, max-image-preview:large, max-video-preview:-1\" \/>\n<link rel=\"canonical\" href=\"https:\/\/shopinte.com\/pl\/produkt\/majtki-modelujace-sylwetke-beautywaist\/\" \/>\n<meta property=\"og:locale\" content=\"pl_PL\" \/>\n<meta property=\"og:type\" content=\"article\" \/>\n<meta property=\"og:title\" content=\"Majtki modeluj\u0105ce sylwetk\u0119 BeautyWaist - Shopinte Polska\" \/>\n<meta property=\"og:description\" content=\"Poprzedni Nast\u0119pny Zalety BeautyWaist \u2714\ufe0f Na ka\u017cd\u0105 sylwetk\u0119 BeautyWaist dopasowuje si\u0119 do ka\u017cdego rodzaju sylwetki i poprawi lini\u0119 talii niezale\u017cnie od typu sylwetki. Najlepiej le\u017cy na obwodzie talii 70 &#8211; 105 cm. \u2714\ufe0f Wysoki stan Poniewa\u017c ich stan jest wysoki, idealnie nadaj\u0105 si\u0119 dla os\u00f3b chc\u0105cych ukry\u0107 pewne mankamenty figury, oraz \u015bwietnie sprawdzaj\u0105 si\u0119 w [&hellip;]\" \/>\n<meta property=\"og:url\" content=\"https:\/\/shopinte.com\/pl\/produkt\/majtki-modelujace-sylwetke-beautywaist\/\" \/>\n<meta property=\"og:site_name\" content=\"Shopinte Polska\" \/>\n<meta property=\"article:modified_time\" content=\"2023-08-11T13:12:47+00:00\" \/>\n<meta property=\"og:image\" content=\"https:\/\/shopinte.com\/pl\/wp-content\/uploads\/2022\/05\/4-1.png\" \/>\n\t<meta property=\"og:image:width\" content=\"713\" \/>\n\t<meta property=\"og:image:height\" content=\"715\" \/>\n\t<meta property=\"og:image:type\" content=\"image\/png\" \/>\n<meta name=\"twitter:card\" content=\"summary_large_image\" \/>\n<meta name=\"twitter:label1\" content=\"Szacowany czas czytania\" \/>\n\t<meta name=\"twitter:data1\" content=\"2 minuty\" \/>\n<script type=\"application\/ld+json\" class=\"yoast-schema-graph\">{\"@context\":\"https:\/\/schema.org\",\"@graph\":[{\"@type\":\"WebPage\",\"@id\":\"https:\/\/shopinte.com\/pl\/produkt\/majtki-modelujace-sylwetke-beautywaist\/\",\"url\":\"https:\/\/shopinte.com\/pl\/produkt\/majtki-modelujace-sylwetke-beautywaist\/\",\"name\":\"Majtki modeluj\u0105ce sylwetk\u0119 BeautyWaist - Shopinte Polska\",\"isPartOf\":{\"@id\":\"https:\/\/shopinte.com\/pl\/#website\"},\"primaryImageOfPage\":{\"@id\":\"https:\/\/shopinte.com\/pl\/produkt\/majtki-modelujace-sylwetke-beautywaist\/#primaryimage\"},\"image\":{\"@id\":\"https:\/\/shopinte.com\/pl\/produkt\/majtki-modelujace-sylwetke-beautywaist\/#primaryimage\"},\"thumbnailUrl\":\"https:\/\/shopinte.com\/pl\/wp-content\/uploads\/2022\/05\/4-1.png\",\"datePublished\":\"2022-05-30T16:39:50+00:00\",\"dateModified\":\"2023-08-11T13:12:47+00:00\",\"breadcrumb\":{\"@id\":\"https:\/\/shopinte.com\/pl\/produkt\/majtki-modelujace-sylwetke-beautywaist\/#breadcrumb\"},\"inLanguage\":\"pl-PL\",\"potentialAction\":[{\"@type\":\"ReadAction\",\"target\":[\"https:\/\/shopinte.com\/pl\/produkt\/majtki-modelujace-sylwetke-beautywaist\/\"]}]},{\"@type\":\"ImageObject\",\"inLanguage\":\"pl-PL\",\"@id\":\"https:\/\/shopinte.com\/pl\/produkt\/majtki-modelujace-sylwetke-beautywaist\/#primaryimage\",\"url\":\"https:\/\/shopinte.com\/pl\/wp-content\/uploads\/2022\/05\/4-1.png\",\"contentUrl\":\"https:\/\/shopinte.com\/pl\/wp-content\/uploads\/2022\/05\/4-1.png\",\"width\":713,\"height\":715},{\"@type\":\"BreadcrumbList\",\"@id\":\"https:\/\/shopinte.com\/pl\/produkt\/majtki-modelujace-sylwetke-beautywaist\/#breadcrumb\",\"itemListElement\":[{\"@type\":\"ListItem\",\"position\":1,\"name\":\"Strona g\u0142\u00f3wna\",\"item\":\"https:\/\/shopinte.com\/pl\/\"},{\"@type\":\"ListItem\",\"position\":2,\"name\":\"Sklep\",\"item\":\"https:\/\/shopinte.com\/pl\/sklep\/\"},{\"@type\":\"ListItem\",\"position\":3,\"name\":\"Majtki modeluj\u0105ce sylwetk\u0119 BeautyWaist\"}]},{\"@type\":\"WebSite\",\"@id\":\"https:\/\/shopinte.com\/pl\/#website\",\"url\":\"https:\/\/shopinte.com\/pl\/\",\"name\":\"Shopinte Polska\",\"description\":\"Kolejna witryna oparta na WordPressie\",\"potentialAction\":[{\"@type\":\"SearchAction\",\"target\":{\"@type\":\"EntryPoint\",\"urlTemplate\":\"https:\/\/shopinte.com\/pl\/?s={search_term_string}\"},\"query-input\":{\"@type\":\"PropertyValueSpecification\",\"valueRequired\":true,\"valueName\":\"search_term_string\"}}],\"inLanguage\":\"pl-PL\"}]}<\/script>\n<!-- \/ Yoast SEO plugin. -->","yoast_head_json":{"title":"Majtki modeluj\u0105ce sylwetk\u0119 BeautyWaist - Shopinte Polska","robots":{"index":"index","follow":"follow","max-snippet":"max-snippet:-1","max-image-preview":"max-image-preview:large","max-video-preview":"max-video-preview:-1"},"canonical":"https:\/\/shopinte.com\/pl\/produkt\/majtki-modelujace-sylwetke-beautywaist\/","og_locale":"pl_PL","og_type":"article","og_title":"Majtki modeluj\u0105ce sylwetk\u0119 BeautyWaist - Shopinte Polska","og_description":"Poprzedni Nast\u0119pny Zalety BeautyWaist \u2714\ufe0f Na ka\u017cd\u0105 sylwetk\u0119 BeautyWaist dopasowuje si\u0119 do ka\u017cdego rodzaju sylwetki i poprawi lini\u0119 talii niezale\u017cnie od typu sylwetki. Najlepiej le\u017cy na obwodzie talii 70 &#8211; 105 cm. \u2714\ufe0f Wysoki stan Poniewa\u017c ich stan jest wysoki, idealnie nadaj\u0105 si\u0119 dla os\u00f3b chc\u0105cych ukry\u0107 pewne mankamenty figury, oraz \u015bwietnie sprawdzaj\u0105 si\u0119 w [&hellip;]","og_url":"https:\/\/shopinte.com\/pl\/produkt\/majtki-modelujace-sylwetke-beautywaist\/","og_site_name":"Shopinte Polska","article_modified_time":"2023-08-11T13:12:47+00:00","og_image":[{"width":713,"height":715,"url":"https:\/\/shopinte.com\/pl\/wp-content\/uploads\/2022\/05\/4-1.png","type":"image\/png"}],"twitter_card":"summary_large_image","twitter_misc":{"Szacowany czas czytania":"2 minuty"},"schema":{"@context":"https:\/\/schema.org","@graph":[{"@type":"WebPage","@id":"https:\/\/shopinte.com\/pl\/produkt\/majtki-modelujace-sylwetke-beautywaist\/","url":"https:\/\/shopinte.com\/pl\/produkt\/majtki-modelujace-sylwetke-beautywaist\/","name":"Majtki modeluj\u0105ce sylwetk\u0119 BeautyWaist - Shopinte Polska","isPartOf":{"@id":"https:\/\/shopinte.com\/pl\/#website"},"primaryImageOfPage":{"@id":"https:\/\/shopinte.com\/pl\/produkt\/majtki-modelujace-sylwetke-beautywaist\/#primaryimage"},"image":{"@id":"https:\/\/shopinte.com\/pl\/produkt\/majtki-modelujace-sylwetke-beautywaist\/#primaryimage"},"thumbnailUrl":"https:\/\/shopinte.com\/pl\/wp-content\/uploads\/2022\/05\/4-1.png","datePublished":"2022-05-30T16:39:50+00:00","dateModified":"2023-08-11T13:12:47+00:00","breadcrumb":{"@id":"https:\/\/shopinte.com\/pl\/produkt\/majtki-modelujace-sylwetke-beautywaist\/#breadcrumb"},"inLanguage":"pl-PL","potentialAction":[{"@type":"ReadAction","target":["https:\/\/shopinte.com\/pl\/produkt\/majtki-modelujace-sylwetke-beautywaist\/"]}]},{"@type":"ImageObject","inLanguage":"pl-PL","@id":"https:\/\/shopinte.com\/pl\/produkt\/majtki-modelujace-sylwetke-beautywaist\/#primaryimage","url":"https:\/\/shopinte.com\/pl\/wp-content\/uploads\/2022\/05\/4-1.png","contentUrl":"https:\/\/shopinte.com\/pl\/wp-content\/uploads\/2022\/05\/4-1.png","width":713,"height":715},{"@type":"BreadcrumbList","@id":"https:\/\/shopinte.com\/pl\/produkt\/majtki-modelujace-sylwetke-beautywaist\/#breadcrumb","itemListElement":[{"@type":"ListItem","position":1,"name":"Strona g\u0142\u00f3wna","item":"https:\/\/shopinte.com\/pl\/"},{"@type":"ListItem","position":2,"name":"Sklep","item":"https:\/\/shopinte.com\/pl\/sklep\/"},{"@type":"ListItem","position":3,"name":"Majtki modeluj\u0105ce sylwetk\u0119 BeautyWaist"}]},{"@type":"WebSite","@id":"https:\/\/shopinte.com\/pl\/#website","url":"https:\/\/shopinte.com\/pl\/","name":"Shopinte Polska","description":"Kolejna witryna oparta na WordPressie","potentialAction":[{"@type":"SearchAction","target":{"@type":"EntryPoint","urlTemplate":"https:\/\/shopinte.com\/pl\/?s={search_term_string}"},"query-input":{"@type":"PropertyValueSpecification","valueRequired":true,"valueName":"search_term_string"}}],"inLanguage":"pl-PL"}]}},"_links":{"self":[{"href":"https:\/\/shopinte.com\/pl\/wp-json\/wp\/v2\/product\/6099","targetHints":{"allow":["GET"]}}],"collection":[{"href":"https:\/\/shopinte.com\/pl\/wp-json\/wp\/v2\/product"}],"about":[{"href":"https:\/\/shopinte.com\/pl\/wp-json\/wp\/v2\/types\/product"}],"replies":[{"embeddable":true,"href":"https:\/\/shopinte.com\/pl\/wp-json\/wp\/v2\/comments?post=6099"}],"version-history":[{"count":8,"href":"https:\/\/shopinte.com\/pl\/wp-json\/wp\/v2\/product\/6099\/revisions"}],"predecessor-version":[{"id":27585,"href":"https:\/\/shopinte.com\/pl\/wp-json\/wp\/v2\/product\/6099\/revisions\/27585"}],"wp:featuredmedia":[{"embeddable":true,"href":"https:\/\/shopinte.com\/pl\/wp-json\/wp\/v2\/media\/6100"}],"wp:attachment":[{"href":"https:\/\/shopinte.com\/pl\/wp-json\/wp\/v2\/media?parent=6099"}],"wp:term":[{"taxonomy":"product_brand","embeddable":true,"href":"https:\/\/shopinte.com\/pl\/wp-json\/wp\/v2\/product_brand?post=6099"},{"taxonomy":"product_cat","embeddable":true,"href":"https:\/\/shopinte.com\/pl\/wp-json\/wp\/v2\/product_cat?post=6099"},{"taxonomy":"product_tag","embeddable":true,"href":"https:\/\/shopinte.com\/pl\/wp-json\/wp\/v2\/product_tag?post=6099"}],"curies":[{"name":"wp","href":"https:\/\/api.w.org\/{rel}","templated":true}]}}