{"id":32791,"date":"2023-10-10T11:57:46","date_gmt":"2023-10-10T09:57:46","guid":{"rendered":"https:\/\/shopinte.com\/pl\/?post_type=product&#038;p=32791"},"modified":"2023-10-10T13:26:55","modified_gmt":"2023-10-10T11:26:55","slug":"turban-recznik-do-wlosow-turbandry","status":"publish","type":"product","link":"https:\/\/shopinte.com\/pl\/produkt\/turban-recznik-do-wlosow-turbandry\/","title":{"rendered":"Turban R\u0119cznik do w\u0142os\u00f3w TurbanDry"},"content":{"rendered":"<p>Turban do w\u0142os\u00f3w TurbanDry w kszta\u0142cie misia w przepi\u0119knym niebieskim kolorze. Dzi\u0119ki temu, \u017ce r\u0119cznik jest wykonany z mikrofibry, \u015bwietnie ch\u0142onie wod\u0119, a jednocze\u015bnie b\u0142yskawicznie wysycha. Idealny na wyjazdy, jest lekki i zajmuje ma\u0142o miejsca.<\/p>\n<p>Zalety TurbanDry<br \/>\n\u2714\ufe0f Szybkie suszenie w\u0142os\u00f3w<br \/>\nTurbanDry wykonany jest z mikrofibry, kt\u00f3ra \u015bwietnie absorbuje wod\u0119.<\/p>\n<p>\u2714\ufe0f Ochrona w\u0142os\u00f3w<br \/>\nMikrofibra jest delikatna dla w\u0142os\u00f3w i nie powoduje tarcia ani uszkodze\u0144, kt\u00f3re mog\u0105 wyst\u0119powa\u0107 przy u\u017cywaniu zwyk\u0142ych r\u0119cznik\u00f3w.<\/p>\n<p>\u2714\ufe0f \u0141atwo\u015b\u0107 i wygoda u\u017cytkowania<br \/>\nTurban zak\u0142ada si\u0119 na g\u0142ow\u0119 jak zwyk\u0142\u0105 czapk\u0119.<\/p>\n<p>\u2714\ufe0f Wielokrotnego u\u017cytku<br \/>\nTurbanDry mo\u017cna u\u017cywa\u0107 wielokrotnie, wystarczy wypra\u0107 r\u0119cznik i gotowe!<\/p>\n","protected":false},"excerpt":{"rendered":"<p>Turban do w\u0142os\u00f3w TurbanDry w kszta\u0142cie misia w przepi\u0119knym niebieskim kolorze. Dzi\u0119ki temu, \u017ce r\u0119cznik jest wykonany z mikrofibry, \u015bwietnie ch\u0142onie wod\u0119, a jednocze\u015bnie b\u0142yskawicznie wysycha. Idealny na wyjazdy, jest lekki i zajmuje ma\u0142o miejsca. Zalety TurbanDry \u2714\ufe0f Szybkie suszenie w\u0142os\u00f3w TurbanDry wykonany jest z mikrofibry, kt\u00f3ra \u015bwietnie absorbuje wod\u0119. \u2714\ufe0f Ochrona w\u0142os\u00f3w Mikrofibra jest [&hellip;]<\/p>\n","protected":false},"featured_media":32793,"comment_status":"open","ping_status":"closed","template":"","meta":[],"product_brand":[],"product_cat":[23],"product_tag":[],"class_list":{"0":"post-32791","1":"product","2":"type-product","3":"status-publish","4":"has-post-thumbnail","6":"product_cat-uroda","8":"first","9":"instock","10":"taxable","11":"shipping-taxable","12":"purchasable","13":"product-type-simple"},"yoast_head":"<!-- This site is optimized with the Yoast SEO plugin v24.4 - https:\/\/yoast.com\/wordpress\/plugins\/seo\/ -->\n<title>Turban R\u0119cznik do w\u0142os\u00f3w TurbanDry - Shopinte Polska<\/title>\n<meta name=\"robots\" content=\"index, follow, max-snippet:-1, max-image-preview:large, max-video-preview:-1\" \/>\n<link rel=\"canonical\" href=\"https:\/\/shopinte.com\/pl\/produkt\/turban-recznik-do-wlosow-turbandry\/\" \/>\n<meta property=\"og:locale\" content=\"pl_PL\" \/>\n<meta property=\"og:type\" content=\"article\" \/>\n<meta property=\"og:title\" content=\"Turban R\u0119cznik do w\u0142os\u00f3w TurbanDry - Shopinte Polska\" \/>\n<meta property=\"og:description\" content=\"Turban do w\u0142os\u00f3w TurbanDry w kszta\u0142cie misia w przepi\u0119knym niebieskim kolorze. Dzi\u0119ki temu, \u017ce r\u0119cznik jest wykonany z mikrofibry, \u015bwietnie ch\u0142onie wod\u0119, a jednocze\u015bnie b\u0142yskawicznie wysycha. Idealny na wyjazdy, jest lekki i zajmuje ma\u0142o miejsca. Zalety TurbanDry \u2714\ufe0f Szybkie suszenie w\u0142os\u00f3w TurbanDry wykonany jest z mikrofibry, kt\u00f3ra \u015bwietnie absorbuje wod\u0119. \u2714\ufe0f Ochrona w\u0142os\u00f3w Mikrofibra jest [&hellip;]\" \/>\n<meta property=\"og:url\" content=\"https:\/\/shopinte.com\/pl\/produkt\/turban-recznik-do-wlosow-turbandry\/\" \/>\n<meta property=\"og:site_name\" content=\"Shopinte Polska\" \/>\n<meta property=\"article:modified_time\" content=\"2023-10-10T11:26:55+00:00\" \/>\n<meta property=\"og:image\" content=\"https:\/\/shopinte.com\/pl\/wp-content\/uploads\/2023\/10\/5-1.png\" \/>\n\t<meta property=\"og:image:width\" content=\"1080\" \/>\n\t<meta property=\"og:image:height\" content=\"1080\" \/>\n\t<meta property=\"og:image:type\" content=\"image\/png\" \/>\n<meta name=\"twitter:card\" content=\"summary_large_image\" \/>\n<meta name=\"twitter:label1\" content=\"Szacowany czas czytania\" \/>\n\t<meta name=\"twitter:data1\" content=\"1 minuta\" \/>\n<script type=\"application\/ld+json\" class=\"yoast-schema-graph\">{\"@context\":\"https:\/\/schema.org\",\"@graph\":[{\"@type\":\"WebPage\",\"@id\":\"https:\/\/shopinte.com\/pl\/produkt\/turban-recznik-do-wlosow-turbandry\/\",\"url\":\"https:\/\/shopinte.com\/pl\/produkt\/turban-recznik-do-wlosow-turbandry\/\",\"name\":\"Turban R\u0119cznik do w\u0142os\u00f3w TurbanDry - Shopinte Polska\",\"isPartOf\":{\"@id\":\"https:\/\/shopinte.com\/pl\/#website\"},\"primaryImageOfPage\":{\"@id\":\"https:\/\/shopinte.com\/pl\/produkt\/turban-recznik-do-wlosow-turbandry\/#primaryimage\"},\"image\":{\"@id\":\"https:\/\/shopinte.com\/pl\/produkt\/turban-recznik-do-wlosow-turbandry\/#primaryimage\"},\"thumbnailUrl\":\"https:\/\/shopinte.com\/pl\/wp-content\/uploads\/2023\/10\/5-1.png\",\"datePublished\":\"2023-10-10T09:57:46+00:00\",\"dateModified\":\"2023-10-10T11:26:55+00:00\",\"breadcrumb\":{\"@id\":\"https:\/\/shopinte.com\/pl\/produkt\/turban-recznik-do-wlosow-turbandry\/#breadcrumb\"},\"inLanguage\":\"pl-PL\",\"potentialAction\":[{\"@type\":\"ReadAction\",\"target\":[\"https:\/\/shopinte.com\/pl\/produkt\/turban-recznik-do-wlosow-turbandry\/\"]}]},{\"@type\":\"ImageObject\",\"inLanguage\":\"pl-PL\",\"@id\":\"https:\/\/shopinte.com\/pl\/produkt\/turban-recznik-do-wlosow-turbandry\/#primaryimage\",\"url\":\"https:\/\/shopinte.com\/pl\/wp-content\/uploads\/2023\/10\/5-1.png\",\"contentUrl\":\"https:\/\/shopinte.com\/pl\/wp-content\/uploads\/2023\/10\/5-1.png\",\"width\":1080,\"height\":1080},{\"@type\":\"BreadcrumbList\",\"@id\":\"https:\/\/shopinte.com\/pl\/produkt\/turban-recznik-do-wlosow-turbandry\/#breadcrumb\",\"itemListElement\":[{\"@type\":\"ListItem\",\"position\":1,\"name\":\"Strona g\u0142\u00f3wna\",\"item\":\"https:\/\/shopinte.com\/pl\/\"},{\"@type\":\"ListItem\",\"position\":2,\"name\":\"Sklep\",\"item\":\"https:\/\/shopinte.com\/pl\/sklep\/\"},{\"@type\":\"ListItem\",\"position\":3,\"name\":\"Turban R\u0119cznik do w\u0142os\u00f3w TurbanDry\"}]},{\"@type\":\"WebSite\",\"@id\":\"https:\/\/shopinte.com\/pl\/#website\",\"url\":\"https:\/\/shopinte.com\/pl\/\",\"name\":\"Shopinte Polska\",\"description\":\"Kolejna witryna oparta na WordPressie\",\"potentialAction\":[{\"@type\":\"SearchAction\",\"target\":{\"@type\":\"EntryPoint\",\"urlTemplate\":\"https:\/\/shopinte.com\/pl\/?s={search_term_string}\"},\"query-input\":{\"@type\":\"PropertyValueSpecification\",\"valueRequired\":true,\"valueName\":\"search_term_string\"}}],\"inLanguage\":\"pl-PL\"}]}<\/script>\n<!-- \/ Yoast SEO plugin. -->","yoast_head_json":{"title":"Turban R\u0119cznik do w\u0142os\u00f3w TurbanDry - Shopinte Polska","robots":{"index":"index","follow":"follow","max-snippet":"max-snippet:-1","max-image-preview":"max-image-preview:large","max-video-preview":"max-video-preview:-1"},"canonical":"https:\/\/shopinte.com\/pl\/produkt\/turban-recznik-do-wlosow-turbandry\/","og_locale":"pl_PL","og_type":"article","og_title":"Turban R\u0119cznik do w\u0142os\u00f3w TurbanDry - Shopinte Polska","og_description":"Turban do w\u0142os\u00f3w TurbanDry w kszta\u0142cie misia w przepi\u0119knym niebieskim kolorze. Dzi\u0119ki temu, \u017ce r\u0119cznik jest wykonany z mikrofibry, \u015bwietnie ch\u0142onie wod\u0119, a jednocze\u015bnie b\u0142yskawicznie wysycha. Idealny na wyjazdy, jest lekki i zajmuje ma\u0142o miejsca. Zalety TurbanDry \u2714\ufe0f Szybkie suszenie w\u0142os\u00f3w TurbanDry wykonany jest z mikrofibry, kt\u00f3ra \u015bwietnie absorbuje wod\u0119. \u2714\ufe0f Ochrona w\u0142os\u00f3w Mikrofibra jest [&hellip;]","og_url":"https:\/\/shopinte.com\/pl\/produkt\/turban-recznik-do-wlosow-turbandry\/","og_site_name":"Shopinte Polska","article_modified_time":"2023-10-10T11:26:55+00:00","og_image":[{"width":1080,"height":1080,"url":"https:\/\/shopinte.com\/pl\/wp-content\/uploads\/2023\/10\/5-1.png","type":"image\/png"}],"twitter_card":"summary_large_image","twitter_misc":{"Szacowany czas czytania":"1 minuta"},"schema":{"@context":"https:\/\/schema.org","@graph":[{"@type":"WebPage","@id":"https:\/\/shopinte.com\/pl\/produkt\/turban-recznik-do-wlosow-turbandry\/","url":"https:\/\/shopinte.com\/pl\/produkt\/turban-recznik-do-wlosow-turbandry\/","name":"Turban R\u0119cznik do w\u0142os\u00f3w TurbanDry - Shopinte Polska","isPartOf":{"@id":"https:\/\/shopinte.com\/pl\/#website"},"primaryImageOfPage":{"@id":"https:\/\/shopinte.com\/pl\/produkt\/turban-recznik-do-wlosow-turbandry\/#primaryimage"},"image":{"@id":"https:\/\/shopinte.com\/pl\/produkt\/turban-recznik-do-wlosow-turbandry\/#primaryimage"},"thumbnailUrl":"https:\/\/shopinte.com\/pl\/wp-content\/uploads\/2023\/10\/5-1.png","datePublished":"2023-10-10T09:57:46+00:00","dateModified":"2023-10-10T11:26:55+00:00","breadcrumb":{"@id":"https:\/\/shopinte.com\/pl\/produkt\/turban-recznik-do-wlosow-turbandry\/#breadcrumb"},"inLanguage":"pl-PL","potentialAction":[{"@type":"ReadAction","target":["https:\/\/shopinte.com\/pl\/produkt\/turban-recznik-do-wlosow-turbandry\/"]}]},{"@type":"ImageObject","inLanguage":"pl-PL","@id":"https:\/\/shopinte.com\/pl\/produkt\/turban-recznik-do-wlosow-turbandry\/#primaryimage","url":"https:\/\/shopinte.com\/pl\/wp-content\/uploads\/2023\/10\/5-1.png","contentUrl":"https:\/\/shopinte.com\/pl\/wp-content\/uploads\/2023\/10\/5-1.png","width":1080,"height":1080},{"@type":"BreadcrumbList","@id":"https:\/\/shopinte.com\/pl\/produkt\/turban-recznik-do-wlosow-turbandry\/#breadcrumb","itemListElement":[{"@type":"ListItem","position":1,"name":"Strona g\u0142\u00f3wna","item":"https:\/\/shopinte.com\/pl\/"},{"@type":"ListItem","position":2,"name":"Sklep","item":"https:\/\/shopinte.com\/pl\/sklep\/"},{"@type":"ListItem","position":3,"name":"Turban R\u0119cznik do w\u0142os\u00f3w TurbanDry"}]},{"@type":"WebSite","@id":"https:\/\/shopinte.com\/pl\/#website","url":"https:\/\/shopinte.com\/pl\/","name":"Shopinte Polska","description":"Kolejna witryna oparta na WordPressie","potentialAction":[{"@type":"SearchAction","target":{"@type":"EntryPoint","urlTemplate":"https:\/\/shopinte.com\/pl\/?s={search_term_string}"},"query-input":{"@type":"PropertyValueSpecification","valueRequired":true,"valueName":"search_term_string"}}],"inLanguage":"pl-PL"}]}},"_links":{"self":[{"href":"https:\/\/shopinte.com\/pl\/wp-json\/wp\/v2\/product\/32791","targetHints":{"allow":["GET"]}}],"collection":[{"href":"https:\/\/shopinte.com\/pl\/wp-json\/wp\/v2\/product"}],"about":[{"href":"https:\/\/shopinte.com\/pl\/wp-json\/wp\/v2\/types\/product"}],"replies":[{"embeddable":true,"href":"https:\/\/shopinte.com\/pl\/wp-json\/wp\/v2\/comments?post=32791"}],"version-history":[{"count":2,"href":"https:\/\/shopinte.com\/pl\/wp-json\/wp\/v2\/product\/32791\/revisions"}],"predecessor-version":[{"id":32807,"href":"https:\/\/shopinte.com\/pl\/wp-json\/wp\/v2\/product\/32791\/revisions\/32807"}],"wp:featuredmedia":[{"embeddable":true,"href":"https:\/\/shopinte.com\/pl\/wp-json\/wp\/v2\/media\/32793"}],"wp:attachment":[{"href":"https:\/\/shopinte.com\/pl\/wp-json\/wp\/v2\/media?parent=32791"}],"wp:term":[{"taxonomy":"product_brand","embeddable":true,"href":"https:\/\/shopinte.com\/pl\/wp-json\/wp\/v2\/product_brand?post=32791"},{"taxonomy":"product_cat","embeddable":true,"href":"https:\/\/shopinte.com\/pl\/wp-json\/wp\/v2\/product_cat?post=32791"},{"taxonomy":"product_tag","embeddable":true,"href":"https:\/\/shopinte.com\/pl\/wp-json\/wp\/v2\/product_tag?post=32791"}],"curies":[{"name":"wp","href":"https:\/\/api.w.org\/{rel}","templated":true}]}}