{"id":2004,"date":"2022-02-07T19:37:43","date_gmt":"2022-02-07T18:37:43","guid":{"rendered":"https:\/\/shopinte.com\/pl\/?post_type=product&#038;p=2004"},"modified":"2022-07-11T20:06:19","modified_gmt":"2022-07-11T18:06:19","slug":"krem-bb-beautycream","status":"publish","type":"product","link":"https:\/\/shopinte.com\/pl\/produkt\/krem-bb-beautycream\/","title":{"rendered":"Krem BB BeautyCream"},"content":{"rendered":"\t\t<div data-elementor-type=\"product-post\" data-elementor-id=\"2004\" class=\"elementor elementor-2004\" data-elementor-post-type=\"product\">\n\t\t\t\t\t\t<section class=\"elementor-section elementor-top-section elementor-element elementor-element-2680d7ee elementor-section-boxed elementor-section-height-default elementor-section-height-default\" data-id=\"2680d7ee\" data-element_type=\"section\">\n\t\t\t\t\t\t<div class=\"elementor-container elementor-column-gap-default\">\n\t\t\t\t\t<div class=\"elementor-column elementor-col-50 elementor-top-column elementor-element elementor-element-57cb80d4\" data-id=\"57cb80d4\" data-element_type=\"column\">\n\t\t\t<div class=\"elementor-widget-wrap elementor-element-populated\">\n\t\t\t\t\t\t<div class=\"elementor-element elementor-element-c73f04d elementor--h-position-center elementor--v-position-middle elementor-arrows-position-inside elementor-widget elementor-widget-slides\" data-id=\"c73f04d\" data-element_type=\"widget\" data-settings=\"{&quot;navigation&quot;:&quot;arrows&quot;,&quot;autoplay&quot;:&quot;yes&quot;,&quot;pause_on_hover&quot;:&quot;yes&quot;,&quot;pause_on_interaction&quot;:&quot;yes&quot;,&quot;autoplay_speed&quot;:5000,&quot;infinite&quot;:&quot;yes&quot;,&quot;transition&quot;:&quot;slide&quot;,&quot;transition_speed&quot;:500}\" data-widget_type=\"slides.default\">\n\t\t\t\t<div class=\"elementor-widget-container\">\n\t\t\t\t\t<div class=\"elementor-swiper\">\n\t\t\t<div class=\"elementor-slides-wrapper elementor-main-swiper swiper\" dir=\"ltr\" data-animation=\"fadeInUp\">\n\t\t\t\t<div class=\"swiper-wrapper elementor-slides\">\n\t\t\t\t\t\t\t\t\t\t<div class=\"elementor-repeater-item-4cdafd4 swiper-slide\"><div class=\"swiper-slide-bg\" role=\"img\"><\/div><div class=\"swiper-slide-inner\" ><div class=\"swiper-slide-contents\"><\/div><\/div><\/div><div class=\"elementor-repeater-item-4f2b464 swiper-slide\"><div class=\"swiper-slide-bg\" role=\"img\"><\/div><div class=\"swiper-slide-inner\" ><div class=\"swiper-slide-contents\"><\/div><\/div><\/div><div class=\"elementor-repeater-item-87be42b swiper-slide\"><div class=\"swiper-slide-bg\" role=\"img\"><\/div><div class=\"swiper-slide-inner\" ><div class=\"swiper-slide-contents\"><\/div><\/div><\/div>\t\t\t\t<\/div>\n\t\t\t\t\t\t\t\t\t\t\t\t\t\t\t\t\t\t\t\t<div class=\"elementor-swiper-button elementor-swiper-button-prev\" role=\"button\" tabindex=\"0\">\n\t\t\t\t\t\t\t<i aria-hidden=\"true\" class=\"eicon-chevron-left\"><\/i>\t\t\t\t\t\t\t<span class=\"elementor-screen-only\">Previous slide<\/span>\n\t\t\t\t\t\t<\/div>\n\t\t\t\t\t\t<div class=\"elementor-swiper-button elementor-swiper-button-next\" role=\"button\" tabindex=\"0\">\n\t\t\t\t\t\t\t<i aria-hidden=\"true\" class=\"eicon-chevron-right\"><\/i>\t\t\t\t\t\t\t<span class=\"elementor-screen-only\">Next slide<\/span>\n\t\t\t\t\t\t<\/div>\n\t\t\t\t\t\t\t\t\t\t\t\t<\/div>\n\t\t<\/div>\n\t\t\t\t<\/div>\n\t\t\t\t<\/div>\n\t\t\t\t\t<\/div>\n\t\t<\/div>\n\t\t\t\t<div class=\"elementor-column elementor-col-50 elementor-top-column elementor-element elementor-element-2867dc80\" data-id=\"2867dc80\" data-element_type=\"column\">\n\t\t\t<div class=\"elementor-widget-wrap elementor-element-populated\">\n\t\t\t\t\t\t<div class=\"elementor-element elementor-element-0d82695 elementor-widget__width-inherit elementor-widget elementor-widget-heading\" data-id=\"0d82695\" data-element_type=\"widget\" data-widget_type=\"heading.default\">\n\t\t\t\t<div class=\"elementor-widget-container\">\n\t\t\t<h3 class=\"elementor-heading-title elementor-size-default\"><font color=\"#000000\">Zalety BeautyCream<\/font><\/h3>\t\t<\/div>\n\t\t\t\t<\/div>\n\t\t\t\t<div class=\"elementor-element elementor-element-1ae3787 elementor-widget elementor-widget-icon-box\" data-id=\"1ae3787\" data-element_type=\"widget\" data-widget_type=\"icon-box.default\">\n\t\t\t\t<div class=\"elementor-widget-container\">\n\t\t\t\t\t<div class=\"elementor-icon-box-wrapper\">\n\n\t\t\t\n\t\t\t\t\t\t<div class=\"elementor-icon-box-content\">\n\n\t\t\t\t\t\t\t\t\t<h3 class=\"elementor-icon-box-title\">\n\t\t\t\t\t\t<span  >\n\t\t\t\t\t\t\t\u2714\ufe0f Innowacyjne rozwi\u0105zanie\t\t\t\t\t\t<\/span>\n\t\t\t\t\t<\/h3>\n\t\t\t\t\n\t\t\t\t\t\t\t\t\t<p class=\"elementor-icon-box-description\">\n\t\t\t\t\t\tBeautyCream za pomoc\u0105 specjalnej recepturze, g\u0105beczce oraz poduszce sprawia, \u017ce ca\u0142y proces nak\u0142adania kremu staje si\u0119 \u0142atwy szybki i za ka\u017cdym razem efekt jest taki sam, czyli bezb\u0142\u0119dny.\t\t\t\t\t<\/p>\n\t\t\t\t\n\t\t\t<\/div>\n\t\t\t\n\t\t<\/div>\n\t\t\t\t<\/div>\n\t\t\t\t<\/div>\n\t\t\t\t<div class=\"elementor-element elementor-element-28ed9ac elementor-widget elementor-widget-icon-box\" data-id=\"28ed9ac\" data-element_type=\"widget\" data-widget_type=\"icon-box.default\">\n\t\t\t\t<div class=\"elementor-widget-container\">\n\t\t\t\t\t<div class=\"elementor-icon-box-wrapper\">\n\n\t\t\t\n\t\t\t\t\t\t<div class=\"elementor-icon-box-content\">\n\n\t\t\t\t\t\t\t\t\t<h3 class=\"elementor-icon-box-title\">\n\t\t\t\t\t\t<span  >\n\t\t\t\t\t\t\t\u2714\ufe0f Natychmiastowy efekt\t\t\t\t\t\t<\/span>\n\t\t\t\t\t<\/h3>\n\t\t\t\t\n\t\t\t\t\t\t\t\t\t<p class=\"elementor-icon-box-description\">\n\t\t\t\t\t\tSpos\u00f3b nak\u0142adania kremu jest niezwykle szybki i prosty. W zaledwie kilka sekund mo\u017cna osi\u0105gn\u0105\u0107 osza\u0142amiaj\u0105cy efekt. Oszcz\u0119d\u017a mn\u00f3stwo czasu przygotowuj\u0105c makija\u017c!\t\t\t\t\t<\/p>\n\t\t\t\t\n\t\t\t<\/div>\n\t\t\t\n\t\t<\/div>\n\t\t\t\t<\/div>\n\t\t\t\t<\/div>\n\t\t\t\t<div class=\"elementor-element elementor-element-e26ecd6 elementor-widget elementor-widget-icon-box\" data-id=\"e26ecd6\" data-element_type=\"widget\" data-widget_type=\"icon-box.default\">\n\t\t\t\t<div class=\"elementor-widget-container\">\n\t\t\t\t\t<div class=\"elementor-icon-box-wrapper\">\n\n\t\t\t\n\t\t\t\t\t\t<div class=\"elementor-icon-box-content\">\n\n\t\t\t\t\t\t\t\t\t<h3 class=\"elementor-icon-box-title\">\n\t\t\t\t\t\t<span  >\n\t\t\t\t\t\t\t\u2714\ufe0f Brak wizyt u kosmetyczki\t\t\t\t\t\t<\/span>\n\t\t\t\t\t<\/h3>\n\t\t\t\t\n\t\t\t\t\t\t\t\t\t<p class=\"elementor-icon-box-description\">\n\t\t\t\t\t\tNie potrzebujesz dodatkowych narz\u0119dzi, by korzysta\u0107 z dobrodziejstw BeautyCream. Zaoszcz\u0119d\u017a mn\u00f3stwo czasu i pieni\u0119dzy dzi\u0119ki naszemu zestawowi!\t\t\t\t\t<\/p>\n\t\t\t\t\n\t\t\t<\/div>\n\t\t\t\n\t\t<\/div>\n\t\t\t\t<\/div>\n\t\t\t\t<\/div>\n\t\t\t\t<div class=\"elementor-element elementor-element-053d91e elementor-widget elementor-widget-icon-box\" data-id=\"053d91e\" data-element_type=\"widget\" data-widget_type=\"icon-box.default\">\n\t\t\t\t<div class=\"elementor-widget-container\">\n\t\t\t\t\t<div class=\"elementor-icon-box-wrapper\">\n\n\t\t\t\n\t\t\t\t\t\t<div class=\"elementor-icon-box-content\">\n\n\t\t\t\t\t\t\t\t\t<h3 class=\"elementor-icon-box-title\">\n\t\t\t\t\t\t<span  >\n\t\t\t\t\t\t\t<img decoding=\"async\" draggable=\"false\" role=\"img\" class=\"emoji\" alt=\"\u2714\ufe0f\" src=\"https:\/\/s.w.org\/images\/core\/emoji\/13.1.0\/svg\/2714.svg\"> Miej zawsze przy sobie\t\t\t\t\t\t<\/span>\n\t\t\t\t\t<\/h3>\n\t\t\t\t\n\t\t\t\t\t\t\t\t\t<p class=\"elementor-icon-box-description\">\n\t\t\t\t\t\tKrem znajduje si\u0119 w wygodnym i stylowym pude\u0142eczku, dzi\u0119ki czemu mo\u017cesz go mie\u0107 zawsze przy sobie.\t\t\t\t\t<\/p>\n\t\t\t\t\n\t\t\t<\/div>\n\t\t\t\n\t\t<\/div>\n\t\t\t\t<\/div>\n\t\t\t\t<\/div>\n\t\t\t\t\t<\/div>\n\t\t<\/div>\n\t\t\t\t\t<\/div>\n\t\t<\/section>\n\t\t\t\t<section class=\"elementor-section elementor-top-section elementor-element elementor-element-79842a38 elementor-section-boxed elementor-section-height-default elementor-section-height-default\" data-id=\"79842a38\" data-element_type=\"section\">\n\t\t\t\t\t\t<div class=\"elementor-container elementor-column-gap-default\">\n\t\t\t\t\t<div class=\"elementor-column elementor-col-50 elementor-top-column elementor-element elementor-element-12d1c95f\" data-id=\"12d1c95f\" data-element_type=\"column\">\n\t\t\t<div class=\"elementor-widget-wrap elementor-element-populated\">\n\t\t\t\t\t\t<div class=\"elementor-element elementor-element-6fc9e75 elementor-widget elementor-widget-image\" data-id=\"6fc9e75\" data-element_type=\"widget\" data-widget_type=\"image.default\">\n\t\t\t\t<div class=\"elementor-widget-container\">\n\t\t\t\t\t\t\t\t\t\t\t\t\t<img fetchpriority=\"high\" decoding=\"async\" width=\"300\" height=\"300\" src=\"https:\/\/shopinte.com\/pl\/wp-content\/uploads\/2022\/02\/4.jpg\" class=\"attachment-large size-large wp-image-2008\" alt=\"\" srcset=\"https:\/\/shopinte.com\/pl\/wp-content\/uploads\/2022\/02\/4.jpg 300w, https:\/\/shopinte.com\/pl\/wp-content\/uploads\/2022\/02\/4-150x150.jpg 150w, https:\/\/shopinte.com\/pl\/wp-content\/uploads\/2022\/02\/4-100x100.jpg 100w\" sizes=\"(max-width: 300px) 100vw, 300px\" \/>\t\t\t\t\t\t\t\t\t\t\t\t\t<\/div>\n\t\t\t\t<\/div>\n\t\t\t\t\t<\/div>\n\t\t<\/div>\n\t\t\t\t<div class=\"elementor-column elementor-col-50 elementor-top-column elementor-element elementor-element-3c19b146\" data-id=\"3c19b146\" data-element_type=\"column\">\n\t\t\t<div class=\"elementor-widget-wrap elementor-element-populated\">\n\t\t\t\t\t\t<div class=\"elementor-element elementor-element-123a9975 elementor-widget__width-inherit elementor-widget elementor-widget-heading\" data-id=\"123a9975\" data-element_type=\"widget\" data-widget_type=\"heading.default\">\n\t\t\t\t<div class=\"elementor-widget-container\">\n\t\t\t<h3 class=\"elementor-heading-title elementor-size-default\"><font color=\"#000000\">Nie przegap okazji!\n<\/font><\/h3>\t\t<\/div>\n\t\t\t\t<\/div>\n\t\t\t\t<div class=\"elementor-element elementor-element-fcd8eff elementor-widget elementor-widget-icon-box\" data-id=\"fcd8eff\" data-element_type=\"widget\" data-widget_type=\"icon-box.default\">\n\t\t\t\t<div class=\"elementor-widget-container\">\n\t\t\t\t\t<div class=\"elementor-icon-box-wrapper\">\n\n\t\t\t\n\t\t\t\t\t\t<div class=\"elementor-icon-box-content\">\n\n\t\t\t\t\n\t\t\t\t\t\t\t\t\t<p class=\"elementor-icon-box-description\">\n\t\t\t\t\t\tBeautyCream to przede wszystkim spos\u00f3b na szybkie i jako\u015bciowe rozwi\u0105zanie dla Twojej sk\u00f3ry. Produkt jest niezwykle prosty w obs\u0142udze, a dzi\u0119ki specjalnej poduszce i g\u0105beczce pozwala osi\u0105gn\u0105\u0107 efekt nieosi\u0105galny zwyk\u0142ymi metodami!\n\nPrzesta\u0144 traci\u0107 czas na przesiadywanie przed lusterkiem i pieni\u0105dze na wizyt\u0119 u kosmetyczki. Zadbaj o swoj\u0105 sk\u00f3r\u0119 razem z BeautyCream!\t\t\t\t\t<\/p>\n\t\t\t\t\n\t\t\t<\/div>\n\t\t\t\n\t\t<\/div>\n\t\t\t\t<\/div>\n\t\t\t\t<\/div>\n\t\t\t\t\t<\/div>\n\t\t<\/div>\n\t\t\t\t\t<\/div>\n\t\t<\/section>\n\t\t\t\t<\/div>\n\t\t","protected":false},"excerpt":{"rendered":"<p>BeautyCream to wysokiej jako\u015bci krem BB do twarzy, kt\u00f3ry jest odpowiedni dla ka\u017cdego rodzaju sk\u00f3ry. Idealnie dopasowuje si\u0119 do sk\u00f3ry, zapewniaj\u0105c naturalnie g\u0142adkie i jedwabiste wyko\u0144czenie.<\/p>\n","protected":false},"featured_media":2021,"comment_status":"open","ping_status":"closed","template":"","meta":[],"product_brand":[],"product_cat":[23],"product_tag":[],"class_list":{"0":"post-2004","1":"product","2":"type-product","3":"status-publish","4":"has-post-thumbnail","6":"product_cat-uroda","8":"first","9":"instock","10":"sale","11":"sold-individually","12":"taxable","13":"shipping-taxable","14":"purchasable","15":"product-type-variable"},"yoast_head":"<!-- This site is optimized with the Yoast SEO plugin v24.4 - https:\/\/yoast.com\/wordpress\/plugins\/seo\/ -->\n<title>Krem BB BeautyCream - Shopinte Polska<\/title>\n<meta name=\"robots\" content=\"index, follow, max-snippet:-1, max-image-preview:large, max-video-preview:-1\" \/>\n<link rel=\"canonical\" href=\"https:\/\/shopinte.com\/pl\/produkt\/krem-bb-beautycream\/\" \/>\n<meta property=\"og:locale\" content=\"pl_PL\" \/>\n<meta property=\"og:type\" content=\"article\" \/>\n<meta property=\"og:title\" content=\"Krem BB BeautyCream - Shopinte Polska\" \/>\n<meta property=\"og:description\" content=\"BeautyCream to wysokiej jako\u015bci krem BB do twarzy, kt\u00f3ry jest odpowiedni dla ka\u017cdego rodzaju sk\u00f3ry. Idealnie dopasowuje si\u0119 do sk\u00f3ry, zapewniaj\u0105c naturalnie g\u0142adkie i jedwabiste wyko\u0144czenie.\" \/>\n<meta property=\"og:url\" content=\"https:\/\/shopinte.com\/pl\/produkt\/krem-bb-beautycream\/\" \/>\n<meta property=\"og:site_name\" content=\"Shopinte Polska\" \/>\n<meta property=\"article:modified_time\" content=\"2022-07-11T18:06:19+00:00\" \/>\n<meta property=\"og:image\" content=\"https:\/\/shopinte.com\/pl\/wp-content\/uploads\/2022\/02\/2-1.jpg\" \/>\n\t<meta property=\"og:image:width\" content=\"753\" \/>\n\t<meta property=\"og:image:height\" content=\"736\" \/>\n\t<meta property=\"og:image:type\" content=\"image\/jpeg\" \/>\n<meta name=\"twitter:card\" content=\"summary_large_image\" \/>\n<script type=\"application\/ld+json\" class=\"yoast-schema-graph\">{\"@context\":\"https:\/\/schema.org\",\"@graph\":[{\"@type\":\"WebPage\",\"@id\":\"https:\/\/shopinte.com\/pl\/produkt\/krem-bb-beautycream\/\",\"url\":\"https:\/\/shopinte.com\/pl\/produkt\/krem-bb-beautycream\/\",\"name\":\"Krem BB BeautyCream - Shopinte Polska\",\"isPartOf\":{\"@id\":\"https:\/\/shopinte.com\/pl\/#website\"},\"primaryImageOfPage\":{\"@id\":\"https:\/\/shopinte.com\/pl\/produkt\/krem-bb-beautycream\/#primaryimage\"},\"image\":{\"@id\":\"https:\/\/shopinte.com\/pl\/produkt\/krem-bb-beautycream\/#primaryimage\"},\"thumbnailUrl\":\"https:\/\/shopinte.com\/pl\/wp-content\/uploads\/2022\/02\/2-1.jpg\",\"datePublished\":\"2022-02-07T18:37:43+00:00\",\"dateModified\":\"2022-07-11T18:06:19+00:00\",\"breadcrumb\":{\"@id\":\"https:\/\/shopinte.com\/pl\/produkt\/krem-bb-beautycream\/#breadcrumb\"},\"inLanguage\":\"pl-PL\",\"potentialAction\":[{\"@type\":\"ReadAction\",\"target\":[\"https:\/\/shopinte.com\/pl\/produkt\/krem-bb-beautycream\/\"]}]},{\"@type\":\"ImageObject\",\"inLanguage\":\"pl-PL\",\"@id\":\"https:\/\/shopinte.com\/pl\/produkt\/krem-bb-beautycream\/#primaryimage\",\"url\":\"https:\/\/shopinte.com\/pl\/wp-content\/uploads\/2022\/02\/2-1.jpg\",\"contentUrl\":\"https:\/\/shopinte.com\/pl\/wp-content\/uploads\/2022\/02\/2-1.jpg\",\"width\":753,\"height\":736},{\"@type\":\"BreadcrumbList\",\"@id\":\"https:\/\/shopinte.com\/pl\/produkt\/krem-bb-beautycream\/#breadcrumb\",\"itemListElement\":[{\"@type\":\"ListItem\",\"position\":1,\"name\":\"Strona g\u0142\u00f3wna\",\"item\":\"https:\/\/shopinte.com\/pl\/\"},{\"@type\":\"ListItem\",\"position\":2,\"name\":\"Sklep\",\"item\":\"https:\/\/shopinte.com\/pl\/sklep\/\"},{\"@type\":\"ListItem\",\"position\":3,\"name\":\"Krem BB BeautyCream\"}]},{\"@type\":\"WebSite\",\"@id\":\"https:\/\/shopinte.com\/pl\/#website\",\"url\":\"https:\/\/shopinte.com\/pl\/\",\"name\":\"Shopinte Polska\",\"description\":\"Kolejna witryna oparta na WordPressie\",\"potentialAction\":[{\"@type\":\"SearchAction\",\"target\":{\"@type\":\"EntryPoint\",\"urlTemplate\":\"https:\/\/shopinte.com\/pl\/?s={search_term_string}\"},\"query-input\":{\"@type\":\"PropertyValueSpecification\",\"valueRequired\":true,\"valueName\":\"search_term_string\"}}],\"inLanguage\":\"pl-PL\"}]}<\/script>\n<!-- \/ Yoast SEO plugin. -->","yoast_head_json":{"title":"Krem BB BeautyCream - Shopinte Polska","robots":{"index":"index","follow":"follow","max-snippet":"max-snippet:-1","max-image-preview":"max-image-preview:large","max-video-preview":"max-video-preview:-1"},"canonical":"https:\/\/shopinte.com\/pl\/produkt\/krem-bb-beautycream\/","og_locale":"pl_PL","og_type":"article","og_title":"Krem BB BeautyCream - Shopinte Polska","og_description":"BeautyCream to wysokiej jako\u015bci krem BB do twarzy, kt\u00f3ry jest odpowiedni dla ka\u017cdego rodzaju sk\u00f3ry. Idealnie dopasowuje si\u0119 do sk\u00f3ry, zapewniaj\u0105c naturalnie g\u0142adkie i jedwabiste wyko\u0144czenie.","og_url":"https:\/\/shopinte.com\/pl\/produkt\/krem-bb-beautycream\/","og_site_name":"Shopinte Polska","article_modified_time":"2022-07-11T18:06:19+00:00","og_image":[{"width":753,"height":736,"url":"https:\/\/shopinte.com\/pl\/wp-content\/uploads\/2022\/02\/2-1.jpg","type":"image\/jpeg"}],"twitter_card":"summary_large_image","schema":{"@context":"https:\/\/schema.org","@graph":[{"@type":"WebPage","@id":"https:\/\/shopinte.com\/pl\/produkt\/krem-bb-beautycream\/","url":"https:\/\/shopinte.com\/pl\/produkt\/krem-bb-beautycream\/","name":"Krem BB BeautyCream - Shopinte Polska","isPartOf":{"@id":"https:\/\/shopinte.com\/pl\/#website"},"primaryImageOfPage":{"@id":"https:\/\/shopinte.com\/pl\/produkt\/krem-bb-beautycream\/#primaryimage"},"image":{"@id":"https:\/\/shopinte.com\/pl\/produkt\/krem-bb-beautycream\/#primaryimage"},"thumbnailUrl":"https:\/\/shopinte.com\/pl\/wp-content\/uploads\/2022\/02\/2-1.jpg","datePublished":"2022-02-07T18:37:43+00:00","dateModified":"2022-07-11T18:06:19+00:00","breadcrumb":{"@id":"https:\/\/shopinte.com\/pl\/produkt\/krem-bb-beautycream\/#breadcrumb"},"inLanguage":"pl-PL","potentialAction":[{"@type":"ReadAction","target":["https:\/\/shopinte.com\/pl\/produkt\/krem-bb-beautycream\/"]}]},{"@type":"ImageObject","inLanguage":"pl-PL","@id":"https:\/\/shopinte.com\/pl\/produkt\/krem-bb-beautycream\/#primaryimage","url":"https:\/\/shopinte.com\/pl\/wp-content\/uploads\/2022\/02\/2-1.jpg","contentUrl":"https:\/\/shopinte.com\/pl\/wp-content\/uploads\/2022\/02\/2-1.jpg","width":753,"height":736},{"@type":"BreadcrumbList","@id":"https:\/\/shopinte.com\/pl\/produkt\/krem-bb-beautycream\/#breadcrumb","itemListElement":[{"@type":"ListItem","position":1,"name":"Strona g\u0142\u00f3wna","item":"https:\/\/shopinte.com\/pl\/"},{"@type":"ListItem","position":2,"name":"Sklep","item":"https:\/\/shopinte.com\/pl\/sklep\/"},{"@type":"ListItem","position":3,"name":"Krem BB BeautyCream"}]},{"@type":"WebSite","@id":"https:\/\/shopinte.com\/pl\/#website","url":"https:\/\/shopinte.com\/pl\/","name":"Shopinte Polska","description":"Kolejna witryna oparta na WordPressie","potentialAction":[{"@type":"SearchAction","target":{"@type":"EntryPoint","urlTemplate":"https:\/\/shopinte.com\/pl\/?s={search_term_string}"},"query-input":{"@type":"PropertyValueSpecification","valueRequired":true,"valueName":"search_term_string"}}],"inLanguage":"pl-PL"}]}},"_links":{"self":[{"href":"https:\/\/shopinte.com\/pl\/wp-json\/wp\/v2\/product\/2004","targetHints":{"allow":["GET"]}}],"collection":[{"href":"https:\/\/shopinte.com\/pl\/wp-json\/wp\/v2\/product"}],"about":[{"href":"https:\/\/shopinte.com\/pl\/wp-json\/wp\/v2\/types\/product"}],"replies":[{"embeddable":true,"href":"https:\/\/shopinte.com\/pl\/wp-json\/wp\/v2\/comments?post=2004"}],"version-history":[{"count":5,"href":"https:\/\/shopinte.com\/pl\/wp-json\/wp\/v2\/product\/2004\/revisions"}],"predecessor-version":[{"id":7343,"href":"https:\/\/shopinte.com\/pl\/wp-json\/wp\/v2\/product\/2004\/revisions\/7343"}],"wp:featuredmedia":[{"embeddable":true,"href":"https:\/\/shopinte.com\/pl\/wp-json\/wp\/v2\/media\/2021"}],"wp:attachment":[{"href":"https:\/\/shopinte.com\/pl\/wp-json\/wp\/v2\/media?parent=2004"}],"wp:term":[{"taxonomy":"product_brand","embeddable":true,"href":"https:\/\/shopinte.com\/pl\/wp-json\/wp\/v2\/product_brand?post=2004"},{"taxonomy":"product_cat","embeddable":true,"href":"https:\/\/shopinte.com\/pl\/wp-json\/wp\/v2\/product_cat?post=2004"},{"taxonomy":"product_tag","embeddable":true,"href":"https:\/\/shopinte.com\/pl\/wp-json\/wp\/v2\/product_tag?post=2004"}],"curies":[{"name":"wp","href":"https:\/\/api.w.org\/{rel}","templated":true}]}}