{"id":1161,"date":"2022-01-24T17:59:58","date_gmt":"2022-01-24T16:59:58","guid":{"rendered":"https:\/\/shopinte.com\/pl\/?post_type=product&#038;p=1161"},"modified":"2023-08-14T11:14:17","modified_gmt":"2023-08-14T09:14:17","slug":"spinka-do-wlosow-magichair","status":"publish","type":"product","link":"https:\/\/shopinte.com\/pl\/produkt\/spinka-do-wlosow-magichair\/","title":{"rendered":"Spinka do w\u0142os\u00f3w MagicHair"},"content":{"rendered":"\t\t<div data-elementor-type=\"product-post\" data-elementor-id=\"1161\" class=\"elementor elementor-1161\" data-elementor-post-type=\"product\">\n\t\t\t\t\t\t<section class=\"elementor-section elementor-top-section elementor-element elementor-element-2f4452a elementor-section-boxed elementor-section-height-default elementor-section-height-default\" data-id=\"2f4452a\" data-element_type=\"section\">\n\t\t\t\t\t\t<div class=\"elementor-container elementor-column-gap-default\">\n\t\t\t\t\t<div class=\"elementor-column elementor-col-100 elementor-top-column elementor-element elementor-element-066eb04\" data-id=\"066eb04\" data-element_type=\"column\">\n\t\t\t<div class=\"elementor-widget-wrap elementor-element-populated\">\n\t\t\t\t\t\t<section class=\"elementor-section elementor-inner-section elementor-element elementor-element-9e1631e elementor-section-content-middle elementor-section-boxed elementor-section-height-default elementor-section-height-default\" data-id=\"9e1631e\" data-element_type=\"section\" data-settings=\"{&quot;background_background&quot;:&quot;classic&quot;}\">\n\t\t\t\t\t\t<div class=\"elementor-container elementor-column-gap-default\">\n\t\t\t\t\t<div class=\"elementor-column elementor-col-50 elementor-inner-column elementor-element elementor-element-f78836e\" data-id=\"f78836e\" data-element_type=\"column\">\n\t\t\t<div class=\"elementor-widget-wrap elementor-element-populated\">\n\t\t\t\t\t\t<div class=\"elementor-element elementor-element-da48416 elementor--h-position-center elementor--v-position-middle elementor-arrows-position-inside elementor-widget elementor-widget-slides\" data-id=\"da48416\" data-element_type=\"widget\" data-settings=\"{&quot;navigation&quot;:&quot;arrows&quot;,&quot;autoplay&quot;:&quot;yes&quot;,&quot;pause_on_hover&quot;:&quot;yes&quot;,&quot;pause_on_interaction&quot;:&quot;yes&quot;,&quot;autoplay_speed&quot;:5000,&quot;infinite&quot;:&quot;yes&quot;,&quot;transition&quot;:&quot;slide&quot;,&quot;transition_speed&quot;:500}\" data-widget_type=\"slides.default\">\n\t\t\t\t<div class=\"elementor-widget-container\">\n\t\t\t\t\t<div class=\"elementor-swiper\">\n\t\t\t<div class=\"elementor-slides-wrapper elementor-main-swiper swiper\" dir=\"ltr\" data-animation=\"fadeInUp\">\n\t\t\t\t<div class=\"swiper-wrapper elementor-slides\">\n\t\t\t\t\t\t\t\t\t\t<div class=\"elementor-repeater-item-4cdafd4 swiper-slide\"><div class=\"swiper-slide-bg\" role=\"img\"><\/div><div class=\"swiper-slide-inner\" ><div class=\"swiper-slide-contents\"><\/div><\/div><\/div><div class=\"elementor-repeater-item-4f2b464 swiper-slide\"><div class=\"swiper-slide-bg\" role=\"img\"><\/div><div class=\"swiper-slide-inner\" ><div class=\"swiper-slide-contents\"><\/div><\/div><\/div><div class=\"elementor-repeater-item-87be42b swiper-slide\"><div class=\"swiper-slide-bg\" role=\"img\"><\/div><div class=\"swiper-slide-inner\" ><div class=\"swiper-slide-contents\"><\/div><\/div><\/div>\t\t\t\t<\/div>\n\t\t\t\t\t\t\t\t\t\t\t\t\t\t\t\t\t\t\t\t<div class=\"elementor-swiper-button elementor-swiper-button-prev\" role=\"button\" tabindex=\"0\">\n\t\t\t\t\t\t\t<i aria-hidden=\"true\" class=\"eicon-chevron-left\"><\/i>\t\t\t\t\t\t\t<span class=\"elementor-screen-only\">Previous slide<\/span>\n\t\t\t\t\t\t<\/div>\n\t\t\t\t\t\t<div class=\"elementor-swiper-button elementor-swiper-button-next\" role=\"button\" tabindex=\"0\">\n\t\t\t\t\t\t\t<i aria-hidden=\"true\" class=\"eicon-chevron-right\"><\/i>\t\t\t\t\t\t\t<span class=\"elementor-screen-only\">Next slide<\/span>\n\t\t\t\t\t\t<\/div>\n\t\t\t\t\t\t\t\t\t\t\t\t<\/div>\n\t\t<\/div>\n\t\t\t\t<\/div>\n\t\t\t\t<\/div>\n\t\t\t\t\t<\/div>\n\t\t<\/div>\n\t\t\t\t<div class=\"elementor-column elementor-col-50 elementor-inner-column elementor-element elementor-element-e1cc8f9\" data-id=\"e1cc8f9\" data-element_type=\"column\">\n\t\t\t<div class=\"elementor-widget-wrap elementor-element-populated\">\n\t\t\t\t\t\t<div class=\"elementor-element elementor-element-d8c39fc elementor-widget__width-inherit elementor-widget elementor-widget-heading\" data-id=\"d8c39fc\" data-element_type=\"widget\" data-widget_type=\"heading.default\">\n\t\t\t\t<div class=\"elementor-widget-container\">\n\t\t\t<h3 class=\"elementor-heading-title elementor-size-default\"><font color=\"#000000\">Zalety MagicHair<\/font><\/h3>\t\t<\/div>\n\t\t\t\t<\/div>\n\t\t\t\t<div class=\"elementor-element elementor-element-503226d elementor-widget elementor-widget-icon-box\" data-id=\"503226d\" data-element_type=\"widget\" data-widget_type=\"icon-box.default\">\n\t\t\t\t<div class=\"elementor-widget-container\">\n\t\t\t\t\t<div class=\"elementor-icon-box-wrapper\">\n\n\t\t\t\n\t\t\t\t\t\t<div class=\"elementor-icon-box-content\">\n\n\t\t\t\t\t\t\t\t\t<h3 class=\"elementor-icon-box-title\">\n\t\t\t\t\t\t<span  >\n\t\t\t\t\t\t\t\u2714\ufe0f Innowacyjne rozwi\u0105zanie\t\t\t\t\t\t<\/span>\n\t\t\t\t\t<\/h3>\n\t\t\t\t\n\t\t\t\t\t\t\t\t\t<p class=\"elementor-icon-box-description\">\n\t\t\t\t\t\tMagicHair za pomoc\u0105 z\u0105bkowych zapi\u0119\u0107 zamontowanych na wierzchu opaski sprawia, \u017ce ca\u0142y proces robienia fryzury staje si\u0119 \u0142atwy szybki i za ka\u017cdym razem efekt jest taki sam, czyli bezb\u0142\u0119dny.\t\t\t\t\t<\/p>\n\t\t\t\t\n\t\t\t<\/div>\n\t\t\t\n\t\t<\/div>\n\t\t\t\t<\/div>\n\t\t\t\t<\/div>\n\t\t\t\t<div class=\"elementor-element elementor-element-2637415 elementor-widget elementor-widget-icon-box\" data-id=\"2637415\" data-element_type=\"widget\" data-widget_type=\"icon-box.default\">\n\t\t\t\t<div class=\"elementor-widget-container\">\n\t\t\t\t\t<div class=\"elementor-icon-box-wrapper\">\n\n\t\t\t\n\t\t\t\t\t\t<div class=\"elementor-icon-box-content\">\n\n\t\t\t\t\t\t\t\t\t<h3 class=\"elementor-icon-box-title\">\n\t\t\t\t\t\t<span  >\n\t\t\t\t\t\t\t\u2714\ufe0f Natychmiastowy efekt\t\t\t\t\t\t<\/span>\n\t\t\t\t\t<\/h3>\n\t\t\t\t\n\t\t\t\t\t\t\t\t\t<p class=\"elementor-icon-box-description\">\n\t\t\t\t\t\tSpos\u00f3b spinania w\u0142os\u00f3w jest niezwykle szybki i prosty. W zaledwie kilka sekund mo\u017cna osi\u0105gn\u0105\u0107 osza\u0142amiaj\u0105cy efekt. Oszcz\u0119d\u017a mn\u00f3stwo czasu  przygotowuj\u0105c swoje w\u0142osy!\t\t\t\t\t<\/p>\n\t\t\t\t\n\t\t\t<\/div>\n\t\t\t\n\t\t<\/div>\n\t\t\t\t<\/div>\n\t\t\t\t<\/div>\n\t\t\t\t<div class=\"elementor-element elementor-element-b748038 elementor-widget elementor-widget-icon-box\" data-id=\"b748038\" data-element_type=\"widget\" data-widget_type=\"icon-box.default\">\n\t\t\t\t<div class=\"elementor-widget-container\">\n\t\t\t\t\t<div class=\"elementor-icon-box-wrapper\">\n\n\t\t\t\n\t\t\t\t\t\t<div class=\"elementor-icon-box-content\">\n\n\t\t\t\t\t\t\t\t\t<h3 class=\"elementor-icon-box-title\">\n\t\t\t\t\t\t<span  >\n\t\t\t\t\t\t\t\u2714\ufe0f Osiem klips\u00f3w\t\t\t\t\t\t<\/span>\n\t\t\t\t\t<\/h3>\n\t\t\t\t\n\t\t\t\t\t\t\t\t\t<p class=\"elementor-icon-box-description\">\n\t\t\t\t\t\tNa opasce znajduje si\u0119 osiem klips\u00f3w - sama decydujesz jak\u0105 fryzur\u0119 chcesz uzyska\u0107\t\t\t\t\t<\/p>\n\t\t\t\t\n\t\t\t<\/div>\n\t\t\t\n\t\t<\/div>\n\t\t\t\t<\/div>\n\t\t\t\t<\/div>\n\t\t\t\t<div class=\"elementor-element elementor-element-b6083a4 elementor-widget elementor-widget-icon-box\" data-id=\"b6083a4\" data-element_type=\"widget\" data-widget_type=\"icon-box.default\">\n\t\t\t\t<div class=\"elementor-widget-container\">\n\t\t\t\t\t<div class=\"elementor-icon-box-wrapper\">\n\n\t\t\t\n\t\t\t\t\t\t<div class=\"elementor-icon-box-content\">\n\n\t\t\t\t\t\t\t\t\t<h3 class=\"elementor-icon-box-title\">\n\t\t\t\t\t\t<span  >\n\t\t\t\t\t\t\t<img decoding=\"async\" draggable=\"false\" role=\"img\" class=\"emoji\" alt=\"\u2714\ufe0f\" src=\"https:\/\/s.w.org\/images\/core\/emoji\/13.1.0\/svg\/2714.svg\"> Pasuje do wielu kreacji\t\t\t\t\t\t<\/span>\n\t\t\t\t\t<\/h3>\n\t\t\t\t\n\t\t\t\t\t\t\t\t\t<p class=\"elementor-icon-box-description\">\n\t\t\t\t\t\tOpaska pasuje do ka\u017cdej kreacji, dzi\u0119ki czemu mo\u017cesz nosi\u0107 ja na co dzie\u0144, a tak\u017ce za\u0142o\u017cy\u0107 do ulubionej sukienki!\t\t\t\t\t<\/p>\n\t\t\t\t\n\t\t\t<\/div>\n\t\t\t\n\t\t<\/div>\n\t\t\t\t<\/div>\n\t\t\t\t<\/div>\n\t\t\t\t\t<\/div>\n\t\t<\/div>\n\t\t\t\t\t<\/div>\n\t\t<\/section>\n\t\t\t\t\t<\/div>\n\t\t<\/div>\n\t\t\t\t\t<\/div>\n\t\t<\/section>\n\t\t\t\t<section class=\"elementor-section elementor-top-section elementor-element elementor-element-bae5817 elementor-section-boxed elementor-section-height-default elementor-section-height-default\" data-id=\"bae5817\" data-element_type=\"section\">\n\t\t\t\t\t\t<div class=\"elementor-container elementor-column-gap-default\">\n\t\t\t\t\t<div class=\"elementor-column elementor-col-100 elementor-top-column elementor-element elementor-element-e4cf91a\" data-id=\"e4cf91a\" data-element_type=\"column\">\n\t\t\t<div class=\"elementor-widget-wrap elementor-element-populated\">\n\t\t\t\t\t\t<section class=\"elementor-section elementor-inner-section elementor-element elementor-element-8ca3af4 elementor-section-boxed elementor-section-height-default elementor-section-height-default\" data-id=\"8ca3af4\" data-element_type=\"section\">\n\t\t\t\t\t\t<div class=\"elementor-container elementor-column-gap-default\">\n\t\t\t\t\t<div class=\"elementor-column elementor-col-50 elementor-inner-column elementor-element elementor-element-a06bb8d\" data-id=\"a06bb8d\" data-element_type=\"column\">\n\t\t\t<div class=\"elementor-widget-wrap elementor-element-populated\">\n\t\t\t\t\t\t<div class=\"elementor-element elementor-element-8e0abd4 elementor-widget elementor-widget-image\" data-id=\"8e0abd4\" data-element_type=\"widget\" data-widget_type=\"image.default\">\n\t\t\t\t<div class=\"elementor-widget-container\">\n\t\t\t\t\t\t\t\t\t\t\t\t\t<img fetchpriority=\"high\" decoding=\"async\" width=\"800\" height=\"800\" src=\"https:\/\/shopinte.com\/pl\/wp-content\/uploads\/2022\/01\/H8fe359cc61d54c33a77c58f6dca517ddQ.jpg\" class=\"attachment-large size-large wp-image-1200\" alt=\"\" srcset=\"https:\/\/shopinte.com\/pl\/wp-content\/uploads\/2022\/01\/H8fe359cc61d54c33a77c58f6dca517ddQ.jpg 1000w, https:\/\/shopinte.com\/pl\/wp-content\/uploads\/2022\/01\/H8fe359cc61d54c33a77c58f6dca517ddQ-300x300.jpg 300w, https:\/\/shopinte.com\/pl\/wp-content\/uploads\/2022\/01\/H8fe359cc61d54c33a77c58f6dca517ddQ-100x100.jpg 100w, https:\/\/shopinte.com\/pl\/wp-content\/uploads\/2022\/01\/H8fe359cc61d54c33a77c58f6dca517ddQ-600x600.jpg 600w, https:\/\/shopinte.com\/pl\/wp-content\/uploads\/2022\/01\/H8fe359cc61d54c33a77c58f6dca517ddQ-150x150.jpg 150w, https:\/\/shopinte.com\/pl\/wp-content\/uploads\/2022\/01\/H8fe359cc61d54c33a77c58f6dca517ddQ-768x768.jpg 768w\" sizes=\"(max-width: 800px) 100vw, 800px\" \/>\t\t\t\t\t\t\t\t\t\t\t\t\t<\/div>\n\t\t\t\t<\/div>\n\t\t\t\t\t<\/div>\n\t\t<\/div>\n\t\t\t\t<div class=\"elementor-column elementor-col-50 elementor-inner-column elementor-element elementor-element-2d98e20\" data-id=\"2d98e20\" data-element_type=\"column\">\n\t\t\t<div class=\"elementor-widget-wrap elementor-element-populated\">\n\t\t\t\t\t\t<div class=\"elementor-element elementor-element-cb023ed elementor-widget__width-inherit elementor-widget elementor-widget-heading\" data-id=\"cb023ed\" data-element_type=\"widget\" data-widget_type=\"heading.default\">\n\t\t\t\t<div class=\"elementor-widget-container\">\n\t\t\t<h3 class=\"elementor-heading-title elementor-size-default\"><font color=\"#000000\">Nie przegap okazji!<\/font><\/h3>\t\t<\/div>\n\t\t\t\t<\/div>\n\t\t\t\t<div class=\"elementor-element elementor-element-9b1042f elementor-widget elementor-widget-icon-box\" data-id=\"9b1042f\" data-element_type=\"widget\" data-widget_type=\"icon-box.default\">\n\t\t\t\t<div class=\"elementor-widget-container\">\n\t\t\t\t\t<div class=\"elementor-icon-box-wrapper\">\n\n\t\t\t\n\t\t\t\t\t\t<div class=\"elementor-icon-box-content\">\n\n\t\t\t\t\n\t\t\t\t\t\t\t\t\t<p class=\"elementor-icon-box-description\">\n\t\t\t\t\t\tMagicHair to przede wszystkim spos\u00f3b na szybkie i jako\u015bciowe rozwi\u0105zanie dla Twoich w\u0142os\u00f3w. Produkt jest niezwykle prosty w obs\u0142udze, a dzi\u0119ki specjalnej konstrukcji pozwala osi\u0105gn\u0105\u0107 efekt nieosi\u0105galny zwyk\u0142ymi spinkami!\n\nPrzesta\u0144 traci\u0107 czas na przesiadywanie przed lusterkiem i pieni\u0105dze na wizyt\u0119 u fryzjer\u00f3w. Zadbaj o swoje w\u0142os\u00f3w razem z MagicHair!\t\t\t\t\t<\/p>\n\t\t\t\t\n\t\t\t<\/div>\n\t\t\t\n\t\t<\/div>\n\t\t\t\t<\/div>\n\t\t\t\t<\/div>\n\t\t\t\t\t<\/div>\n\t\t<\/div>\n\t\t\t\t\t<\/div>\n\t\t<\/section>\n\t\t\t\t\t<\/div>\n\t\t<\/div>\n\t\t\t\t\t<\/div>\n\t\t<\/section>\n\t\t\t\t<\/div>\n\t\t","protected":false},"excerpt":{"rendered":"<p>Poprzedni Nast\u0119pny Zalety MagicHair \u2714\ufe0f Innowacyjne rozwi\u0105zanie MagicHair za pomoc\u0105 z\u0105bkowych zapi\u0119\u0107 zamontowanych na wierzchu opaski sprawia, \u017ce ca\u0142y proces robienia fryzury staje si\u0119 \u0142atwy szybki i za ka\u017cdym razem efekt jest taki sam, czyli bezb\u0142\u0119dny. \u2714\ufe0f Natychmiastowy efekt Spos\u00f3b spinania w\u0142os\u00f3w jest niezwykle szybki i prosty. W zaledwie kilka sekund mo\u017cna osi\u0105gn\u0105\u0107 osza\u0142amiaj\u0105cy efekt. [&hellip;]<\/p>\n","protected":false},"featured_media":1198,"comment_status":"open","ping_status":"closed","template":"","meta":[],"product_brand":[],"product_cat":[23],"product_tag":[],"class_list":{"0":"post-1161","1":"product","2":"type-product","3":"status-publish","4":"has-post-thumbnail","6":"product_cat-uroda","8":"first","9":"instock","10":"sale","11":"taxable","12":"shipping-taxable","13":"purchasable","14":"product-type-simple"},"yoast_head":"<!-- This site is optimized with the Yoast SEO plugin v24.4 - https:\/\/yoast.com\/wordpress\/plugins\/seo\/ -->\n<title>Spinka do w\u0142os\u00f3w MagicHair - Shopinte Polska<\/title>\n<meta name=\"robots\" content=\"index, follow, max-snippet:-1, max-image-preview:large, max-video-preview:-1\" \/>\n<link rel=\"canonical\" href=\"https:\/\/shopinte.com\/pl\/produkt\/spinka-do-wlosow-magichair\/\" \/>\n<meta property=\"og:locale\" content=\"pl_PL\" \/>\n<meta property=\"og:type\" content=\"article\" \/>\n<meta property=\"og:title\" content=\"Spinka do w\u0142os\u00f3w MagicHair - Shopinte Polska\" \/>\n<meta property=\"og:description\" content=\"Poprzedni Nast\u0119pny Zalety MagicHair \u2714\ufe0f Innowacyjne rozwi\u0105zanie MagicHair za pomoc\u0105 z\u0105bkowych zapi\u0119\u0107 zamontowanych na wierzchu opaski sprawia, \u017ce ca\u0142y proces robienia fryzury staje si\u0119 \u0142atwy szybki i za ka\u017cdym razem efekt jest taki sam, czyli bezb\u0142\u0119dny. \u2714\ufe0f Natychmiastowy efekt Spos\u00f3b spinania w\u0142os\u00f3w jest niezwykle szybki i prosty. W zaledwie kilka sekund mo\u017cna osi\u0105gn\u0105\u0107 osza\u0142amiaj\u0105cy efekt. [&hellip;]\" \/>\n<meta property=\"og:url\" content=\"https:\/\/shopinte.com\/pl\/produkt\/spinka-do-wlosow-magichair\/\" \/>\n<meta property=\"og:site_name\" content=\"Shopinte Polska\" \/>\n<meta property=\"article:modified_time\" content=\"2023-08-14T09:14:17+00:00\" \/>\n<meta property=\"og:image\" content=\"https:\/\/shopinte.com\/pl\/wp-content\/uploads\/2022\/01\/Hea1e1907c3644eae8349086f3ec522bfj.jpg\" \/>\n\t<meta property=\"og:image:width\" content=\"1020\" \/>\n\t<meta property=\"og:image:height\" content=\"1020\" \/>\n\t<meta property=\"og:image:type\" content=\"image\/jpeg\" \/>\n<meta name=\"twitter:card\" content=\"summary_large_image\" \/>\n<meta name=\"twitter:label1\" content=\"Szacowany czas czytania\" \/>\n\t<meta name=\"twitter:data1\" content=\"2 minuty\" \/>\n<script type=\"application\/ld+json\" class=\"yoast-schema-graph\">{\"@context\":\"https:\/\/schema.org\",\"@graph\":[{\"@type\":\"WebPage\",\"@id\":\"https:\/\/shopinte.com\/pl\/produkt\/spinka-do-wlosow-magichair\/\",\"url\":\"https:\/\/shopinte.com\/pl\/produkt\/spinka-do-wlosow-magichair\/\",\"name\":\"Spinka do w\u0142os\u00f3w MagicHair - Shopinte Polska\",\"isPartOf\":{\"@id\":\"https:\/\/shopinte.com\/pl\/#website\"},\"primaryImageOfPage\":{\"@id\":\"https:\/\/shopinte.com\/pl\/produkt\/spinka-do-wlosow-magichair\/#primaryimage\"},\"image\":{\"@id\":\"https:\/\/shopinte.com\/pl\/produkt\/spinka-do-wlosow-magichair\/#primaryimage\"},\"thumbnailUrl\":\"https:\/\/shopinte.com\/pl\/wp-content\/uploads\/2022\/01\/Hea1e1907c3644eae8349086f3ec522bfj.jpg\",\"datePublished\":\"2022-01-24T16:59:58+00:00\",\"dateModified\":\"2023-08-14T09:14:17+00:00\",\"breadcrumb\":{\"@id\":\"https:\/\/shopinte.com\/pl\/produkt\/spinka-do-wlosow-magichair\/#breadcrumb\"},\"inLanguage\":\"pl-PL\",\"potentialAction\":[{\"@type\":\"ReadAction\",\"target\":[\"https:\/\/shopinte.com\/pl\/produkt\/spinka-do-wlosow-magichair\/\"]}]},{\"@type\":\"ImageObject\",\"inLanguage\":\"pl-PL\",\"@id\":\"https:\/\/shopinte.com\/pl\/produkt\/spinka-do-wlosow-magichair\/#primaryimage\",\"url\":\"https:\/\/shopinte.com\/pl\/wp-content\/uploads\/2022\/01\/Hea1e1907c3644eae8349086f3ec522bfj.jpg\",\"contentUrl\":\"https:\/\/shopinte.com\/pl\/wp-content\/uploads\/2022\/01\/Hea1e1907c3644eae8349086f3ec522bfj.jpg\",\"width\":1020,\"height\":1020},{\"@type\":\"BreadcrumbList\",\"@id\":\"https:\/\/shopinte.com\/pl\/produkt\/spinka-do-wlosow-magichair\/#breadcrumb\",\"itemListElement\":[{\"@type\":\"ListItem\",\"position\":1,\"name\":\"Strona g\u0142\u00f3wna\",\"item\":\"https:\/\/shopinte.com\/pl\/\"},{\"@type\":\"ListItem\",\"position\":2,\"name\":\"Sklep\",\"item\":\"https:\/\/shopinte.com\/pl\/sklep\/\"},{\"@type\":\"ListItem\",\"position\":3,\"name\":\"Spinka do w\u0142os\u00f3w MagicHair\"}]},{\"@type\":\"WebSite\",\"@id\":\"https:\/\/shopinte.com\/pl\/#website\",\"url\":\"https:\/\/shopinte.com\/pl\/\",\"name\":\"Shopinte Polska\",\"description\":\"Kolejna witryna oparta na WordPressie\",\"potentialAction\":[{\"@type\":\"SearchAction\",\"target\":{\"@type\":\"EntryPoint\",\"urlTemplate\":\"https:\/\/shopinte.com\/pl\/?s={search_term_string}\"},\"query-input\":{\"@type\":\"PropertyValueSpecification\",\"valueRequired\":true,\"valueName\":\"search_term_string\"}}],\"inLanguage\":\"pl-PL\"}]}<\/script>\n<!-- \/ Yoast SEO plugin. -->","yoast_head_json":{"title":"Spinka do w\u0142os\u00f3w MagicHair - Shopinte Polska","robots":{"index":"index","follow":"follow","max-snippet":"max-snippet:-1","max-image-preview":"max-image-preview:large","max-video-preview":"max-video-preview:-1"},"canonical":"https:\/\/shopinte.com\/pl\/produkt\/spinka-do-wlosow-magichair\/","og_locale":"pl_PL","og_type":"article","og_title":"Spinka do w\u0142os\u00f3w MagicHair - Shopinte Polska","og_description":"Poprzedni Nast\u0119pny Zalety MagicHair \u2714\ufe0f Innowacyjne rozwi\u0105zanie MagicHair za pomoc\u0105 z\u0105bkowych zapi\u0119\u0107 zamontowanych na wierzchu opaski sprawia, \u017ce ca\u0142y proces robienia fryzury staje si\u0119 \u0142atwy szybki i za ka\u017cdym razem efekt jest taki sam, czyli bezb\u0142\u0119dny. \u2714\ufe0f Natychmiastowy efekt Spos\u00f3b spinania w\u0142os\u00f3w jest niezwykle szybki i prosty. W zaledwie kilka sekund mo\u017cna osi\u0105gn\u0105\u0107 osza\u0142amiaj\u0105cy efekt. [&hellip;]","og_url":"https:\/\/shopinte.com\/pl\/produkt\/spinka-do-wlosow-magichair\/","og_site_name":"Shopinte Polska","article_modified_time":"2023-08-14T09:14:17+00:00","og_image":[{"width":1020,"height":1020,"url":"https:\/\/shopinte.com\/pl\/wp-content\/uploads\/2022\/01\/Hea1e1907c3644eae8349086f3ec522bfj.jpg","type":"image\/jpeg"}],"twitter_card":"summary_large_image","twitter_misc":{"Szacowany czas czytania":"2 minuty"},"schema":{"@context":"https:\/\/schema.org","@graph":[{"@type":"WebPage","@id":"https:\/\/shopinte.com\/pl\/produkt\/spinka-do-wlosow-magichair\/","url":"https:\/\/shopinte.com\/pl\/produkt\/spinka-do-wlosow-magichair\/","name":"Spinka do w\u0142os\u00f3w MagicHair - Shopinte Polska","isPartOf":{"@id":"https:\/\/shopinte.com\/pl\/#website"},"primaryImageOfPage":{"@id":"https:\/\/shopinte.com\/pl\/produkt\/spinka-do-wlosow-magichair\/#primaryimage"},"image":{"@id":"https:\/\/shopinte.com\/pl\/produkt\/spinka-do-wlosow-magichair\/#primaryimage"},"thumbnailUrl":"https:\/\/shopinte.com\/pl\/wp-content\/uploads\/2022\/01\/Hea1e1907c3644eae8349086f3ec522bfj.jpg","datePublished":"2022-01-24T16:59:58+00:00","dateModified":"2023-08-14T09:14:17+00:00","breadcrumb":{"@id":"https:\/\/shopinte.com\/pl\/produkt\/spinka-do-wlosow-magichair\/#breadcrumb"},"inLanguage":"pl-PL","potentialAction":[{"@type":"ReadAction","target":["https:\/\/shopinte.com\/pl\/produkt\/spinka-do-wlosow-magichair\/"]}]},{"@type":"ImageObject","inLanguage":"pl-PL","@id":"https:\/\/shopinte.com\/pl\/produkt\/spinka-do-wlosow-magichair\/#primaryimage","url":"https:\/\/shopinte.com\/pl\/wp-content\/uploads\/2022\/01\/Hea1e1907c3644eae8349086f3ec522bfj.jpg","contentUrl":"https:\/\/shopinte.com\/pl\/wp-content\/uploads\/2022\/01\/Hea1e1907c3644eae8349086f3ec522bfj.jpg","width":1020,"height":1020},{"@type":"BreadcrumbList","@id":"https:\/\/shopinte.com\/pl\/produkt\/spinka-do-wlosow-magichair\/#breadcrumb","itemListElement":[{"@type":"ListItem","position":1,"name":"Strona g\u0142\u00f3wna","item":"https:\/\/shopinte.com\/pl\/"},{"@type":"ListItem","position":2,"name":"Sklep","item":"https:\/\/shopinte.com\/pl\/sklep\/"},{"@type":"ListItem","position":3,"name":"Spinka do w\u0142os\u00f3w MagicHair"}]},{"@type":"WebSite","@id":"https:\/\/shopinte.com\/pl\/#website","url":"https:\/\/shopinte.com\/pl\/","name":"Shopinte Polska","description":"Kolejna witryna oparta na WordPressie","potentialAction":[{"@type":"SearchAction","target":{"@type":"EntryPoint","urlTemplate":"https:\/\/shopinte.com\/pl\/?s={search_term_string}"},"query-input":{"@type":"PropertyValueSpecification","valueRequired":true,"valueName":"search_term_string"}}],"inLanguage":"pl-PL"}]}},"_links":{"self":[{"href":"https:\/\/shopinte.com\/pl\/wp-json\/wp\/v2\/product\/1161","targetHints":{"allow":["GET"]}}],"collection":[{"href":"https:\/\/shopinte.com\/pl\/wp-json\/wp\/v2\/product"}],"about":[{"href":"https:\/\/shopinte.com\/pl\/wp-json\/wp\/v2\/types\/product"}],"replies":[{"embeddable":true,"href":"https:\/\/shopinte.com\/pl\/wp-json\/wp\/v2\/comments?post=1161"}],"version-history":[{"count":5,"href":"https:\/\/shopinte.com\/pl\/wp-json\/wp\/v2\/product\/1161\/revisions"}],"predecessor-version":[{"id":27833,"href":"https:\/\/shopinte.com\/pl\/wp-json\/wp\/v2\/product\/1161\/revisions\/27833"}],"wp:featuredmedia":[{"embeddable":true,"href":"https:\/\/shopinte.com\/pl\/wp-json\/wp\/v2\/media\/1198"}],"wp:attachment":[{"href":"https:\/\/shopinte.com\/pl\/wp-json\/wp\/v2\/media?parent=1161"}],"wp:term":[{"taxonomy":"product_brand","embeddable":true,"href":"https:\/\/shopinte.com\/pl\/wp-json\/wp\/v2\/product_brand?post=1161"},{"taxonomy":"product_cat","embeddable":true,"href":"https:\/\/shopinte.com\/pl\/wp-json\/wp\/v2\/product_cat?post=1161"},{"taxonomy":"product_tag","embeddable":true,"href":"https:\/\/shopinte.com\/pl\/wp-json\/wp\/v2\/product_tag?post=1161"}],"curies":[{"name":"wp","href":"https:\/\/api.w.org\/{rel}","templated":true}]}}